{"id":57,"date":"2023-03-14T08:38:55","date_gmt":"2023-03-14T08:38:55","guid":{"rendered":"https:\/\/jan.coderdemo.com\/newwp\/bullion\/?page_id=57"},"modified":"2024-03-15T04:03:19","modified_gmt":"2024-03-15T04:03:19","slug":"faqs","status":"publish","type":"page","link":"https:\/\/uniprofinancial.com\/it\/faqs\/","title":{"rendered":"Domande frequenti"},"content":{"rendered":"<div data-elementor-type=\"wp-page\" data-elementor-id=\"57\" class=\"elementor elementor-57\">\n\t\t\t\t\t\t\t\t\t<section class=\"elementor-section elementor-top-section elementor-element elementor-element-46dd141 elementor-section-full_width elementor-section-height-default elementor-section-height-default\" data-id=\"46dd141\" data-element_type=\"section\">\n\t\t\t\t\t\t<div class=\"elementor-container elementor-column-gap-default\">\n\t\t\t\t\t<div class=\"elementor-column elementor-col-100 elementor-top-column elementor-element elementor-element-60f150a\" data-id=\"60f150a\" data-element_type=\"column\">\n\t\t\t<div class=\"elementor-widget-wrap elementor-element-populated\">\n\t\t\t\t\t\t\t\t<div class=\"elementor-element elementor-element-9c1de2f elementor-widget elementor-widget-bullion_bullion_faqs\" data-id=\"9c1de2f\" data-element_type=\"widget\" data-settings=\"{&quot;bullion_layout_margin&quot;:{&quot;unit&quot;:&quot;px&quot;,&quot;top&quot;:&quot;&quot;,&quot;right&quot;:&quot;&quot;,&quot;bottom&quot;:&quot;&quot;,&quot;left&quot;:&quot;&quot;,&quot;isLinked&quot;:true},&quot;bullion_layout_margin_tablet&quot;:{&quot;unit&quot;:&quot;px&quot;,&quot;top&quot;:&quot;&quot;,&quot;right&quot;:&quot;&quot;,&quot;bottom&quot;:&quot;&quot;,&quot;left&quot;:&quot;&quot;,&quot;isLinked&quot;:true},&quot;bullion_layout_margin_mobile&quot;:{&quot;unit&quot;:&quot;px&quot;,&quot;top&quot;:&quot;&quot;,&quot;right&quot;:&quot;&quot;,&quot;bottom&quot;:&quot;&quot;,&quot;left&quot;:&quot;&quot;,&quot;isLinked&quot;:true},&quot;bullion_layout_padding&quot;:{&quot;unit&quot;:&quot;px&quot;,&quot;top&quot;:&quot;&quot;,&quot;right&quot;:&quot;&quot;,&quot;bottom&quot;:&quot;&quot;,&quot;left&quot;:&quot;&quot;,&quot;isLinked&quot;:true},&quot;bullion_layout_padding_tablet&quot;:{&quot;unit&quot;:&quot;px&quot;,&quot;top&quot;:&quot;&quot;,&quot;right&quot;:&quot;&quot;,&quot;bottom&quot;:&quot;&quot;,&quot;left&quot;:&quot;&quot;,&quot;isLinked&quot;:true},&quot;bullion_layout_padding_mobile&quot;:{&quot;unit&quot;:&quot;px&quot;,&quot;top&quot;:&quot;&quot;,&quot;right&quot;:&quot;&quot;,&quot;bottom&quot;:&quot;&quot;,&quot;left&quot;:&quot;&quot;,&quot;isLinked&quot;:true}}\" data-widget_type=\"bullion_bullion_faqs.default\">\n\t\t\t\t<div class=\"elementor-widget-container\">\n\t\t\t        <!-- faq-section -->\n    <section class=\"faq-section sec-pad\">\n        <div class=\"auto-container\">\n                        <div class=\"sec-title centred\">\n                <span class=\"sub-title\">Domande frequenti<\/span>                <h2>Domande frequenti <br \/>le tue domande <span>Le tue risposte<\/span> Trovare<\/h2>            <\/div>\n                        \n            <div class=\"inner-box\">\n            \t                <ul class=\"accordion-box\">                    \n                                        <li class=\"accordion block active-block\">\n                        <div class=\"acc-btn active\">\n                            <div class=\"icon-box\"><i class=\"flaticon-plus\"><\/i><\/div>\n                            <span>01<\/span>\n                            <h4>Come posso iniziare a fare trading sul Forex?<\/h4>\n                            <p>I seguenti passaggi sono una guida per coloro che vogliono iniziare a fare trading sul Forex: Ottieni un&#039;istruzione: come primo passo, \u00e8 importante comprendere il mercato Forex e apprendere i termini di base. A proposito del Forex...<\/p>\n                        <\/div>\n                        <div class=\"acc-content current\">\n                            <div class=\"text\">\n                                <p>I seguenti passaggi sono una guida per coloro che vogliono iniziare a fare trading sul Forex: Ottieni un&#039;istruzione: come primo passo, \u00e8 importante comprendere il mercato Forex e apprendere i termini di base. A proposito del Forex...<\/p>\n                            <\/div>\n                        <\/div>\n                    <\/li>\n                                        <li class=\"accordion block\">\n                        <div class=\"acc-btn\">\n                            <div class=\"icon-box\"><i class=\"flaticon-plus\"><\/i><\/div>\n                            <span>02<\/span>\n                            <h4>Quanti soldi mi servono per iniziare?<\/h4>\n                            <p>La quantit\u00e0 di denaro necessaria per iniziare a investire nel mercato Forex dipende da diversi fattori. Ecco una risposta che pu\u00f2 essere data considerando questi fattori: Tipo di account:\u2026<\/p>\n                        <\/div>\n                        <div class=\"acc-content\">\n                            <div class=\"text\">\n                                <p>La quantit\u00e0 di denaro necessaria per iniziare a investire nel mercato Forex dipende da diversi fattori. Ecco una risposta che pu\u00f2 essere data considerando questi fattori: Tipo di account:\u2026<\/p>\n                            <\/div>\n                        <\/div>\n                    <\/li>\n                                        <li class=\"accordion block\">\n                        <div class=\"acc-btn\">\n                            <div class=\"icon-box\"><i class=\"flaticon-plus\"><\/i><\/div>\n                            <span>03<\/span>\n                            <h4>Cos&#039;\u00e8 il margine?<\/h4>\n                            <p>Margine \u00e8 un termine utilizzato nei mercati finanziari, in particolare negli strumenti di investimento come il Forex. Il margine si riferisce all&#039;importo minimo di garanzia che l&#039;investitore deve depositare per aprire una posizione. Questo\u2026<\/p>\n                        <\/div>\n                        <div class=\"acc-content\">\n                            <div class=\"text\">\n                                <p>Margine \u00e8 un termine utilizzato nei mercati finanziari, in particolare negli strumenti di investimento come il Forex. Il margine si riferisce all&#039;importo minimo di garanzia che l&#039;investitore deve depositare per aprire una posizione. Questo\u2026<\/p>\n                            <\/div>\n                        <\/div>\n                    <\/li>\n                                        <li class=\"accordion block\">\n                        <div class=\"acc-btn\">\n                            <div class=\"icon-box\"><i class=\"flaticon-plus\"><\/i><\/div>\n                            <span>04<\/span>\n                            <h4>Posso perdere pi\u00f9 di quanto ho investito nel Forex?<\/h4>\n                            <p>Nel Forex hai la possibilit\u00e0 di perdere pi\u00f9 di quanto hai investito. Il Forex (mercato dei cambi) \u00e8 un mercato in cui le valute di diversi paesi vengono scambiate in base al fatto che guadagnino o perdano valore l&#039;una rispetto all&#039;altra...<\/p>\n                        <\/div>\n                        <div class=\"acc-content\">\n                            <div class=\"text\">\n                                <p>Nel Forex hai la possibilit\u00e0 di perdere pi\u00f9 di quanto hai investito. Il Forex (mercato dei cambi) \u00e8 un mercato in cui le valute di diversi paesi vengono scambiate in base al fatto che guadagnino o perdano valore l&#039;una rispetto all&#039;altra...<\/p>\n                            <\/div>\n                        <\/div>\n                    <\/li>\n                                    <\/ul>\n                            <\/div>\n                        <div class=\"link-box centred\">\n                <a href=\"https:\/\/shortlink.run\/UniPro-yardimmerkezi\"><span>Di pi\u00f9<\/span><\/a>\n            <\/div>\n                    <\/div>\n    <\/section>\n    <!-- faq-section end -->\n    \t\t\t\t<\/div>\n\t\t\t\t<\/div>\n\t\t\t\t\t<\/div>\n\t\t<\/div>\n\t\t\t\t\t\t\t<\/div>\n\t\t<\/section>\n\t\t\t\t\t\t\t<\/div>","protected":false},"excerpt":{"rendered":"<p>Domande frequenti Trova le risposte alle domande frequenti 01 Come posso iniziare a fare trading sul Forex? I seguenti passaggi sono una guida per coloro che vogliono iniziare a fare trading sul Forex: Ottieni un&#039;istruzione: come primo passo, \u00e8 importante comprendere il mercato Forex e apprendere i termini di base. Informazioni sul Forex... I seguenti passaggi sono una guida per coloro che vogliono iniziare a fare trading sul Forex: Ottieni formazione: il primo passo \u00e8 comprendere il mercato Forex [\u2026]<\/p>","protected":false},"author":1,"featured_media":0,"parent":0,"menu_order":0,"comment_status":"closed","ping_status":"closed","template":"tpl-default-elementor.php","meta":{"footnotes":""},"class_list":["post-57","page","type-page","status-publish","hentry"],"_links":{"self":[{"href":"https:\/\/uniprofinancial.com\/it\/wp-json\/wp\/v2\/pages\/57","targetHints":{"allow":["GET"]}}],"collection":[{"href":"https:\/\/uniprofinancial.com\/it\/wp-json\/wp\/v2\/pages"}],"about":[{"href":"https:\/\/uniprofinancial.com\/it\/wp-json\/wp\/v2\/types\/page"}],"author":[{"embeddable":true,"href":"https:\/\/uniprofinancial.com\/it\/wp-json\/wp\/v2\/users\/1"}],"replies":[{"embeddable":true,"href":"https:\/\/uniprofinancial.com\/it\/wp-json\/wp\/v2\/comments?post=57"}],"version-history":[{"count":7,"href":"https:\/\/uniprofinancial.com\/it\/wp-json\/wp\/v2\/pages\/57\/revisions"}],"predecessor-version":[{"id":1448,"href":"https:\/\/uniprofinancial.com\/it\/wp-json\/wp\/v2\/pages\/57\/revisions\/1448"}],"wp:attachment":[{"href":"https:\/\/uniprofinancial.com\/it\/wp-json\/wp\/v2\/media?parent=57"}],"curies":[{"name":"wp","href":"https:\/\/api.w.org\/{rel}","templated":true}]}}