{"id":40,"date":"2023-03-14T08:32:00","date_gmt":"2023-03-14T08:32:00","guid":{"rendered":"https:\/\/jan.coderdemo.com\/newwp\/bullion\/?page_id=40"},"modified":"2024-04-04T22:53:16","modified_gmt":"2024-04-04T22:53:16","slug":"history","status":"publish","type":"page","link":"https:\/\/uniprofinancial.com\/it\/history\/","title":{"rendered":"Le nostre licenze"},"content":{"rendered":"<div data-elementor-type=\"wp-page\" data-elementor-id=\"40\" class=\"elementor elementor-40\">\n\t\t\t\t\t\t\t<div class=\"elementor-element elementor-element-55b84bd e-flex e-con-boxed e-con e-parent\" data-id=\"55b84bd\" data-element_type=\"container\" data-settings=\"{&quot;content_width&quot;:&quot;boxed&quot;}\" data-core-v316-plus=\"true\">\n\t\t\t\t\t<div class=\"e-con-inner\">\n\t\t\t\t<div class=\"elementor-element elementor-element-3fa2758 elementor-widget elementor-widget-heading\" data-id=\"3fa2758\" data-element_type=\"widget\" data-widget_type=\"heading.default\">\n\t\t\t\t<div class=\"elementor-widget-container\">\n\t\t\t<style>\/*! elementor - v3.17.0 - 08-11-2023 *\/\n.elementor-heading-title{padding:0;margin:0;line-height:1}.elementor-widget-heading .elementor-heading-title[class*=elementor-size-]>a{color:inherit;font-size:inherit;line-height:inherit}.elementor-widget-heading .elementor-heading-title.elementor-size-small{font-size:15px}.elementor-widget-heading .elementor-heading-title.elementor-size-medium{font-size:19px}.elementor-widget-heading .elementor-heading-title.elementor-size-large{font-size:29px}.elementor-widget-heading .elementor-heading-title.elementor-size-xl{font-size:39px}.elementor-widget-heading .elementor-heading-title.elementor-size-xxl{font-size:59px}<\/style><h2 class=\"elementor-heading-title elementor-size-default\"><h2 style=\"margin-bottom: 15px; font-weight: 600; line-height: 1.4; font-size: 28px; color: rgb(0, 0, 0); font-family: jost, sans-serif; white-space-collapse: collapse;\">Licenze e regolamentazione<\/h2><\/h2>\t\t<\/div>\n\t\t\t\t<\/div>\n\t\t\t\t\t<\/div>\n\t\t\t\t<\/div>\n\t\t<div class=\"elementor-element elementor-element-8eec4d4 e-flex e-con-boxed e-con e-parent\" data-id=\"8eec4d4\" data-element_type=\"container\" data-settings=\"{&quot;content_width&quot;:&quot;boxed&quot;}\" data-core-v316-plus=\"true\">\n\t\t\t\t\t<div class=\"e-con-inner\">\n\t\t\t\t<div class=\"elementor-element elementor-element-40a1b06 elementor-widget elementor-widget-text-editor\" data-id=\"40a1b06\" data-element_type=\"widget\" data-widget_type=\"text-editor.default\">\n\t\t\t\t<div class=\"elementor-widget-container\">\n\t\t\t<style>\/*! elementor - v3.17.0 - 08-11-2023 *\/\n.elementor-widget-text-editor.elementor-drop-cap-view-stacked .elementor-drop-cap{background-color:#69727d;color:#fff}.elementor-widget-text-editor.elementor-drop-cap-view-framed .elementor-drop-cap{color:#69727d;border:3px solid;background-color:transparent}.elementor-widget-text-editor:not(.elementor-drop-cap-view-default) .elementor-drop-cap{margin-top:8px}.elementor-widget-text-editor:not(.elementor-drop-cap-view-default) .elementor-drop-cap-letter{width:1em;height:1em}.elementor-widget-text-editor .elementor-drop-cap{float:left;text-align:center;line-height:1;font-size:50px}.elementor-widget-text-editor .elementor-drop-cap-letter{display:inline-block}<\/style>\t\t\t\t<p style=\"margin-bottom: 15px; font-size: 16px; line-height: 1.8; color: #666666; text-align: justify; font-family: jost, sans-serif;\">UniPro Financial \u00e8 una societ\u00e0 globale che opera in 42 paesi. Ha la migliore leva finanziaria, spread e performance dei lotti tra le aziende. Puoi ottenere un abbonamento aziendale, beneficiare di transazioni di deposito e prelievo veloci e utilizzare strumenti di investimento sicuri. Ti offriamo supporto live 24 ore su 24, 7 giorni su 7, facilit\u00e0 di accesso e oltre 2000 prodotti di investimento invece degli investitori che commerciano in prodotti limitati.<\/p><p style=\"margin-bottom: 15px; font-size: 16px; line-height: 1.8; color: #666666; text-align: justify; font-family: jost, sans-serif;\">La societ\u00e0 \u00e8 registrata in Inghilterra. \u00c8 in servizio dal 2006. I servizi al cliente sono dotati di moduli informativi. Vengono applicati la politica sulla privacy e il principio di trasparenza. \u00c8 possibile seguire il sito Web ufficiale e l&#039;applicazione mobile della societ\u00e0 finanziaria UniPro per informazioni di contatto, informazioni sull&#039;indirizzo e aree di interazione sicure.<\/p>\t\t\t\t\t\t<\/div>\n\t\t\t\t<\/div>\n\t\t\t\t\t<\/div>\n\t\t\t\t<\/div>\n\t\t<div class=\"elementor-element elementor-element-e3151e7 e-flex e-con-boxed e-con e-parent\" data-id=\"e3151e7\" data-element_type=\"container\" data-settings=\"{&quot;content_width&quot;:&quot;boxed&quot;}\" data-core-v316-plus=\"true\">\n\t\t\t\t\t<div class=\"e-con-inner\">\n\t\t\t\t<div class=\"elementor-element elementor-element-ff47397 elementor-widget elementor-widget-text-editor\" data-id=\"ff47397\" data-element_type=\"widget\" data-widget_type=\"text-editor.default\">\n\t\t\t\t<div class=\"elementor-widget-container\">\n\t\t\t\t\t\t\t<p><a href=\"https:\/\/uniprofinancial.com\/wp-content\/uploads\/2024\/04\/UniAsicLisans.pdf\">Licenza ASIC<\/a><\/p><p><a href=\"https:\/\/uniprofinancial.com\/wp-content\/uploads\/2024\/04\/UniFCALisans.pdf\">Licenza FCA<\/a><\/p>\t\t\t\t\t\t<\/div>\n\t\t\t\t<\/div>\n\t\t\t\t\t<\/div>\n\t\t\t\t<\/div>\n\t\t\t\t\t\t\t<\/div>","protected":false},"excerpt":{"rendered":"<p>Licenze e regolamentazione: UniPro Financial \u00e8 una societ\u00e0 globale che opera in 42 paesi. Vanta le migliori performance in termini di leva finanziaria, spread e lotti tra le societ\u00e0. Puoi diventare membro della societ\u00e0, beneficiare di transazioni di deposito e prelievo rapide e utilizzare strumenti di investimento sicuri. Offriamo assistenza live 24 ore su 24, 7 giorni su 7, facile accesso e oltre 2.000 prodotti di investimento, anzich\u00e9 limitare gli investitori a negoziare solo su prodotti limitati. La societ\u00e0 [\u2026]<\/p>","protected":false},"author":1,"featured_media":0,"parent":0,"menu_order":0,"comment_status":"closed","ping_status":"closed","template":"tpl-default-elementor.php","meta":{"footnotes":""},"class_list":["post-40","page","type-page","status-publish","hentry"],"_links":{"self":[{"href":"https:\/\/uniprofinancial.com\/it\/wp-json\/wp\/v2\/pages\/40","targetHints":{"allow":["GET"]}}],"collection":[{"href":"https:\/\/uniprofinancial.com\/it\/wp-json\/wp\/v2\/pages"}],"about":[{"href":"https:\/\/uniprofinancial.com\/it\/wp-json\/wp\/v2\/types\/page"}],"author":[{"embeddable":true,"href":"https:\/\/uniprofinancial.com\/it\/wp-json\/wp\/v2\/users\/1"}],"replies":[{"embeddable":true,"href":"https:\/\/uniprofinancial.com\/it\/wp-json\/wp\/v2\/comments?post=40"}],"version-history":[{"count":15,"href":"https:\/\/uniprofinancial.com\/it\/wp-json\/wp\/v2\/pages\/40\/revisions"}],"predecessor-version":[{"id":1494,"href":"https:\/\/uniprofinancial.com\/it\/wp-json\/wp\/v2\/pages\/40\/revisions\/1494"}],"wp:attachment":[{"href":"https:\/\/uniprofinancial.com\/it\/wp-json\/wp\/v2\/media?parent=40"}],"curies":[{"name":"wp","href":"https:\/\/api.w.org\/{rel}","templated":true}]}}