{"id":38,"date":"2023-03-14T08:31:32","date_gmt":"2023-03-14T08:31:32","guid":{"rendered":"https:\/\/jan.coderdemo.com\/newwp\/bullion\/?page_id=38"},"modified":"2024-03-15T04:00:16","modified_gmt":"2024-03-15T04:00:16","slug":"company","status":"publish","type":"page","link":"https:\/\/uniprofinancial.com\/it\/company\/","title":{"rendered":"chi siamo"},"content":{"rendered":"<div data-elementor-type=\"wp-page\" data-elementor-id=\"38\" class=\"elementor elementor-38\">\n\t\t\t\t\t\t\t\t\t<section class=\"elementor-section elementor-top-section elementor-element elementor-element-66aa05c elementor-section-full_width elementor-section-height-default elementor-section-height-default\" data-id=\"66aa05c\" data-element_type=\"section\">\n\t\t\t\t\t\t<div class=\"elementor-container elementor-column-gap-default\">\n\t\t\t\t\t<div class=\"elementor-column elementor-col-100 elementor-top-column elementor-element elementor-element-da6be9d\" data-id=\"da6be9d\" data-element_type=\"column\">\n\t\t\t<div class=\"elementor-widget-wrap elementor-element-populated\">\n\t\t\t\t\t\t\t\t<div class=\"elementor-element elementor-element-495b9ea elementor-widget elementor-widget-bullion_bullion_statement_tabs\" data-id=\"495b9ea\" data-element_type=\"widget\" data-settings=\"{&quot;bullion_layout_margin&quot;:{&quot;unit&quot;:&quot;px&quot;,&quot;top&quot;:&quot;&quot;,&quot;right&quot;:&quot;&quot;,&quot;bottom&quot;:&quot;&quot;,&quot;left&quot;:&quot;&quot;,&quot;isLinked&quot;:true},&quot;bullion_layout_margin_tablet&quot;:{&quot;unit&quot;:&quot;px&quot;,&quot;top&quot;:&quot;&quot;,&quot;right&quot;:&quot;&quot;,&quot;bottom&quot;:&quot;&quot;,&quot;left&quot;:&quot;&quot;,&quot;isLinked&quot;:true},&quot;bullion_layout_margin_mobile&quot;:{&quot;unit&quot;:&quot;px&quot;,&quot;top&quot;:&quot;&quot;,&quot;right&quot;:&quot;&quot;,&quot;bottom&quot;:&quot;&quot;,&quot;left&quot;:&quot;&quot;,&quot;isLinked&quot;:true},&quot;bullion_layout_padding&quot;:{&quot;unit&quot;:&quot;px&quot;,&quot;top&quot;:&quot;&quot;,&quot;right&quot;:&quot;&quot;,&quot;bottom&quot;:&quot;&quot;,&quot;left&quot;:&quot;&quot;,&quot;isLinked&quot;:true},&quot;bullion_layout_padding_tablet&quot;:{&quot;unit&quot;:&quot;px&quot;,&quot;top&quot;:&quot;&quot;,&quot;right&quot;:&quot;&quot;,&quot;bottom&quot;:&quot;&quot;,&quot;left&quot;:&quot;&quot;,&quot;isLinked&quot;:true},&quot;bullion_layout_padding_mobile&quot;:{&quot;unit&quot;:&quot;px&quot;,&quot;top&quot;:&quot;&quot;,&quot;right&quot;:&quot;&quot;,&quot;bottom&quot;:&quot;&quot;,&quot;left&quot;:&quot;&quot;,&quot;isLinked&quot;:true}}\" data-widget_type=\"bullion_bullion_statement_tabs.default\">\n\t\t\t\t<div class=\"elementor-widget-container\">\n\t\t\t    \n    <!-- statements-section -->\n    <section class=\"statements-section\">\n        <div class=\"auto-container\">\n            <div class=\"tabs-box\">\n                <div class=\"tab-btn-box\">\n                    <ul class=\"tab-btns tab-buttons clearfix\">\n                                                <li class=\"tab-btn active-btn\" data-tab=\"#tab-1\">\n                            <span>chi siamo<\/span>\n                                                        <div class=\"icon-box\"><img decoding=\"async\" src=\"https:\/\/uniprofinancial.com\/wp-content\/uploads\/2023\/03\/icon-71.png\" alt=\"Awesome Image\"><\/div>\n                                                    <\/li>\n                                                <li class=\"tab-btn\" data-tab=\"#tab-2\">\n                            <span>Chi siamo noi?<\/span>\n                                                        <div class=\"icon-box\"><img decoding=\"async\" src=\"https:\/\/uniprofinancial.com\/wp-content\/uploads\/2023\/03\/icon-71.png\" alt=\"Awesome Image\"><\/div>\n                                                    <\/li>\n                                            <\/ul>\n                <\/div>\n                <div class=\"tabs-content\">\n                                        <div class=\"tab active-tab\" id=\"tab-1\">\n                        <div class=\"inner-box\">\n                            <div class=\"content-box\">\n                                <div class=\"sec-title\">\n                                    <span class=\"sub-title\">UniPro Finanziaria<\/span>\n                                    <h2>chi siamo<\/h2>\n                                <\/div>\n                                <p>UniPro Financial \u00e8 una societ\u00e0 di investimento mondiale che ha iniziato ad operare nel campo del trading online nel 2006. UniPro Financial, che fornisce servizi esperti in mercati monetari, investimenti, consulenza e transazioni con leva finanziaria, offre tutti i vantaggi dei mercati di investimento ai suoi investitori con la sua piattaforma veloce e personale esperto con accesso 24 ore su 24, 5 giorni su 7. UniPro Financial, che tiene d&#039;occhio l&#039;innovazione, si digitalizza da molto tempo e opera nei mercati online, offre sempre affidabilit\u00e0 e servizi orientati alla soluzione per i suoi investitori. Accettando investitori da 42 paesi in tutto il mondo, UniPro Financial \u00e8 regolamentata e fornisce servizi con licenze ASIC e FCA.<\/p>\n                                \t\t\t\t\t\t\t\t<ul class=\"list-style-one clearfix\">\n\t\t\t\t\t\t\t\t\t\t\t\t\t\t\t\t\t\t   <li>Licenza ASIC<\/li>\n\t\t\t\t\t\t\t\t\t\t\t\t\t\t\t\t\t\t   <li>Licenza FCA<\/li>\n\t\t\t\t\t\t\t\t\t\t\t\t\t\t\t\t\t<\/ul>\n\t\t\t\t\t\t\t\t                                <div class=\"link-box\">\n                                                                        <div class=\"icon-box\"><img decoding=\"async\" src=\"https:\/\/uniprofinancial.com\/wp-content\/uploads\/2023\/03\/icon-74.png\" alt=\"Awesome Image\"><\/div>\n                                                                        <a href=\"https:\/\/shortlink.run\/UniPro-yardimmerkezi\"><span>Contattaci<\/span><\/a>\n                                <\/div>\n                            <\/div>\n                                                        <figure class=\"image-box\"><img decoding=\"async\" src=\"https:\/\/uniprofinancial.com\/wp-content\/uploads\/2023\/03\/about-3.jpg\" alt=\"Awesome Image\"><\/figure>\n                        \t                        <\/div>\n                    <\/div>\n                                        <div class=\"tab\" id=\"tab-2\">\n                        <div class=\"inner-box\">\n                            <div class=\"content-box\">\n                                <div class=\"sec-title\">\n                                    <span class=\"sub-title\">UniPro Finanziaria<\/span>\n                                    <h2>Chi siamo noi?<\/h2>\n                                <\/div>\n                                <p>In quanto societ\u00e0 di investimento regolamentata, UniPro Financial \u00e8 affiliata agli enti di regolamentazione finanziaria con sede nel Regno Unito e uffici aggiuntivi in Australia. Ecco perch\u00e9 operiamo secondo rigorosi standard di conformit\u00e0 relativi alla gestione dei fondi dei clienti, alla sicurezza e al reporting finanziario. Dalla nostra fondazione, UniPro Financial si \u00e8 espansa con successo e continua a crescere, servendo clienti al dettaglio e aziendali in pi\u00f9 di 42 paesi. Come UniPro Financial, uno dei leader mondiali, forniamo un servizio affidabile e di qualit\u00e0 ai nostri stimati investitori nel mercato turco e all&#039;estero. UniPro Financial \u00e8 anche un pluripremiato broker forex e di materie prime che fornisce servizi e strutture di trading sia a clienti al dettaglio che istituzionali. Si \u00e8 posizionato come il broker forex preferito dai trader di tutto il mondo, grazie alla sua politica di fornire ai propri clienti le migliori condizioni di trading possibili e di fornire ai trader servizi di consulenti esperti e accesso illimitato alla liquidit\u00e0 dei trader.<\/p>\n                                                                <div class=\"link-box\">\n                                                                        <div class=\"icon-box\"><img decoding=\"async\" src=\"https:\/\/uniprofinancial.com\/wp-content\/uploads\/2023\/03\/icon-74.png\" alt=\"Awesome Image\"><\/div>\n                                                                        <a href=\"https:\/\/shortlink.run\/UniPro-yardimmerkezi\"><span>Contattaci<\/span><\/a>\n                                <\/div>\n                            <\/div>\n                                                        <figure class=\"image-box\"><img decoding=\"async\" src=\"https:\/\/uniprofinancial.com\/wp-content\/uploads\/2023\/03\/tab-2.png\" alt=\"Awesome Image\"><\/figure>\n                        \t                        <\/div>\n                    <\/div>\n                                    <\/div>\n            <\/div>\n        <\/div>\n    <\/section>\n    <!-- statements-section end -->      \n             \n        \t\t<\/div>\n\t\t\t\t<\/div>\n\t\t\t\t\t<\/div>\n\t\t<\/div>\n\t\t\t\t\t\t\t<\/div>\n\t\t<\/section>\n\t\t\t\t\t\t\t<\/div>","protected":false},"excerpt":{"rendered":"<p>Hakk\u0131m\u0131zda Biz Kimiz? UniPro Financial Hakk\u0131m\u0131zda UniPro Financial, 2006 y\u0131l\u0131 itibariyle online trade alan\u0131nda i\u015flem yapmaya ba\u015flayan d\u00fcnya \u00e7ap\u0131nda bir yat\u0131r\u0131m \u015firketidir. Para piyasalar\u0131nda, yat\u0131r\u0131m, dan\u0131\u015fmanl\u0131k ve kald\u0131ra\u00e7l\u0131 i\u015flemler konusunda uzman hizmet veren UniPro Financial, yat\u0131r\u0131m piyasalar\u0131n\u0131n b\u00fct\u00fcn avantajlar\u0131n\u0131 yat\u0131r\u0131mc\u0131lar\u0131na, 5 g\u00fcn 24 saat eri\u015fimi bulunan h\u0131zl\u0131 platformu ve uzman kadrosu ile sunmaktad\u0131r. Yenili\u011fi yak\u0131n [&hellip;]<\/p>","protected":false},"author":1,"featured_media":0,"parent":0,"menu_order":0,"comment_status":"closed","ping_status":"closed","template":"tpl-default-elementor.php","meta":{"footnotes":""},"class_list":["post-38","page","type-page","status-publish","hentry"],"_links":{"self":[{"href":"https:\/\/uniprofinancial.com\/it\/wp-json\/wp\/v2\/pages\/38","targetHints":{"allow":["GET"]}}],"collection":[{"href":"https:\/\/uniprofinancial.com\/it\/wp-json\/wp\/v2\/pages"}],"about":[{"href":"https:\/\/uniprofinancial.com\/it\/wp-json\/wp\/v2\/types\/page"}],"author":[{"embeddable":true,"href":"https:\/\/uniprofinancial.com\/it\/wp-json\/wp\/v2\/users\/1"}],"replies":[{"embeddable":true,"href":"https:\/\/uniprofinancial.com\/it\/wp-json\/wp\/v2\/comments?post=38"}],"version-history":[{"count":23,"href":"https:\/\/uniprofinancial.com\/it\/wp-json\/wp\/v2\/pages\/38\/revisions"}],"predecessor-version":[{"id":1410,"href":"https:\/\/uniprofinancial.com\/it\/wp-json\/wp\/v2\/pages\/38\/revisions\/1410"}],"wp:attachment":[{"href":"https:\/\/uniprofinancial.com\/it\/wp-json\/wp\/v2\/media?parent=38"}],"curies":[{"name":"wp","href":"https:\/\/api.w.org\/{rel}","templated":true}]}}