{"id":40,"date":"2023-03-14T08:32:00","date_gmt":"2023-03-14T08:32:00","guid":{"rendered":"https:\/\/jan.coderdemo.com\/newwp\/bullion\/?page_id=40"},"modified":"2024-04-04T22:53:16","modified_gmt":"2024-04-04T22:53:16","slug":"history","status":"publish","type":"page","link":"https:\/\/uniprofinancial.com\/es\/history\/","title":{"rendered":"Nuestras licencias"},"content":{"rendered":"<div data-elementor-type=\"wp-page\" data-elementor-id=\"40\" class=\"elementor elementor-40\">\n\t\t\t\t\t\t\t<div class=\"elementor-element elementor-element-55b84bd e-flex e-con-boxed e-con e-parent\" data-id=\"55b84bd\" data-element_type=\"container\" data-settings=\"{&quot;content_width&quot;:&quot;boxed&quot;}\" data-core-v316-plus=\"true\">\n\t\t\t\t\t<div class=\"e-con-inner\">\n\t\t\t\t<div class=\"elementor-element elementor-element-3fa2758 elementor-widget elementor-widget-heading\" data-id=\"3fa2758\" data-element_type=\"widget\" data-widget_type=\"heading.default\">\n\t\t\t\t<div class=\"elementor-widget-container\">\n\t\t\t<style>\/*! elementor - v3.17.0 - 08-11-2023 *\/\n.elementor-heading-title{padding:0;margin:0;line-height:1}.elementor-widget-heading .elementor-heading-title[class*=elementor-size-]>a{color:inherit;font-size:inherit;line-height:inherit}.elementor-widget-heading .elementor-heading-title.elementor-size-small{font-size:15px}.elementor-widget-heading .elementor-heading-title.elementor-size-medium{font-size:19px}.elementor-widget-heading .elementor-heading-title.elementor-size-large{font-size:29px}.elementor-widget-heading .elementor-heading-title.elementor-size-xl{font-size:39px}.elementor-widget-heading .elementor-heading-title.elementor-size-xxl{font-size:59px}<\/style><h2 class=\"elementor-heading-title elementor-size-default\"><h2 style=\"margin-bottom: 15px; font-weight: 600; line-height: 1.4; font-size: 28px; color: rgb(0, 0, 0); font-family: jost, sans-serif; white-space-collapse: collapse;\">Licencias y Regulaci\u00f3n<\/h2><\/h2>\t\t<\/div>\n\t\t\t\t<\/div>\n\t\t\t\t\t<\/div>\n\t\t\t\t<\/div>\n\t\t<div class=\"elementor-element elementor-element-8eec4d4 e-flex e-con-boxed e-con e-parent\" data-id=\"8eec4d4\" data-element_type=\"container\" data-settings=\"{&quot;content_width&quot;:&quot;boxed&quot;}\" data-core-v316-plus=\"true\">\n\t\t\t\t\t<div class=\"e-con-inner\">\n\t\t\t\t<div class=\"elementor-element elementor-element-40a1b06 elementor-widget elementor-widget-text-editor\" data-id=\"40a1b06\" data-element_type=\"widget\" data-widget_type=\"text-editor.default\">\n\t\t\t\t<div class=\"elementor-widget-container\">\n\t\t\t<style>\/*! elementor - v3.17.0 - 08-11-2023 *\/\n.elementor-widget-text-editor.elementor-drop-cap-view-stacked .elementor-drop-cap{background-color:#69727d;color:#fff}.elementor-widget-text-editor.elementor-drop-cap-view-framed .elementor-drop-cap{color:#69727d;border:3px solid;background-color:transparent}.elementor-widget-text-editor:not(.elementor-drop-cap-view-default) .elementor-drop-cap{margin-top:8px}.elementor-widget-text-editor:not(.elementor-drop-cap-view-default) .elementor-drop-cap-letter{width:1em;height:1em}.elementor-widget-text-editor .elementor-drop-cap{float:left;text-align:center;line-height:1;font-size:50px}.elementor-widget-text-editor .elementor-drop-cap-letter{display:inline-block}<\/style>\t\t\t\t<p style=\"margin-bottom: 15px; font-size: 16px; line-height: 1.8; color: #666666; text-align: justify; font-family: jost, sans-serif;\">UniPro Financial es una empresa global que presta servicios en 42 pa\u00edses. Tiene el mejor apalancamiento, diferencial y rendimiento de lotes entre las empresas. Puede obtener una membres\u00eda de empresa, beneficiarse de transacciones r\u00e1pidas de dep\u00f3sito y retiro y utilizar herramientas de inversi\u00f3n seguras. Le ofrecemos soporte en vivo las 24 horas, los 7 d\u00edas de la semana, facilidad de acceso y m\u00e1s de 2000 productos de inversi\u00f3n en lugar de que los inversores negocien con productos limitados.<\/p><p style=\"margin-bottom: 15px; font-size: 16px; line-height: 1.8; color: #666666; text-align: justify; font-family: jost, sans-serif;\">La empresa est\u00e1 registrada en Inglaterra. Ha estado en servicio desde 2006. Los servicios de atenci\u00f3n al cliente cuentan con formularios informativos. Se aplican la pol\u00edtica de privacidad y el principio de transparencia. Puede seguir el sitio web oficial y la aplicaci\u00f3n m\u00f3vil de la empresa UniPro Financial para obtener informaci\u00f3n de contacto, direcci\u00f3n y \u00e1reas de interacci\u00f3n segura.<\/p>\t\t\t\t\t\t<\/div>\n\t\t\t\t<\/div>\n\t\t\t\t\t<\/div>\n\t\t\t\t<\/div>\n\t\t<div class=\"elementor-element elementor-element-e3151e7 e-flex e-con-boxed e-con e-parent\" data-id=\"e3151e7\" data-element_type=\"container\" data-settings=\"{&quot;content_width&quot;:&quot;boxed&quot;}\" data-core-v316-plus=\"true\">\n\t\t\t\t\t<div class=\"e-con-inner\">\n\t\t\t\t<div class=\"elementor-element elementor-element-ff47397 elementor-widget elementor-widget-text-editor\" data-id=\"ff47397\" data-element_type=\"widget\" data-widget_type=\"text-editor.default\">\n\t\t\t\t<div class=\"elementor-widget-container\">\n\t\t\t\t\t\t\t<p><a href=\"https:\/\/uniprofinancial.com\/wp-content\/uploads\/2024\/04\/UniAsicLisans.pdf\">Licencia ASIC<\/a><\/p><p><a href=\"https:\/\/uniprofinancial.com\/wp-content\/uploads\/2024\/04\/UniFCALisans.pdf\">Licencia FCA<\/a><\/p>\t\t\t\t\t\t<\/div>\n\t\t\t\t<\/div>\n\t\t\t\t\t<\/div>\n\t\t\t\t<\/div>\n\t\t\t\t\t\t\t<\/div>","protected":false},"excerpt":{"rendered":"<p>Lisans ve Reg\u00fclasyon UniPro Financial, 42 \u00fclkede hizmet vermekte olan global bir \u015firketdir. \u015eirketler aras\u0131nda en iyi kald\u0131ra\u00e7, spread ve lot performans\u0131na sahiptir. \u015eirket \u00fcyeli\u011fi alabilir, h\u0131zl\u0131 mevduat ve \u00e7ekim i\u015flemlerinden yararlanabilir, g\u00fcvenli yat\u0131r\u0131m ara\u00e7lar\u0131n\u0131 kullanabilirsiniz. 7\/24 canl\u0131 destek, eri\u015fimin kolayl\u0131\u011f\u0131 ve yat\u0131r\u0131mc\u0131lar\u0131n k\u0131s\u0131tl\u0131 \u00fcr\u00fcnlerde i\u015flem yapmas\u0131 yerine 2000&#8217;den fazla yat\u0131r\u0131m \u00fcr\u00fcn\u00fcn\u00fc sizlere sunmaktay\u0131z. \u015eirket, [&hellip;]<\/p>","protected":false},"author":1,"featured_media":0,"parent":0,"menu_order":0,"comment_status":"closed","ping_status":"closed","template":"tpl-default-elementor.php","meta":{"footnotes":""},"class_list":["post-40","page","type-page","status-publish","hentry"],"_links":{"self":[{"href":"https:\/\/uniprofinancial.com\/es\/wp-json\/wp\/v2\/pages\/40","targetHints":{"allow":["GET"]}}],"collection":[{"href":"https:\/\/uniprofinancial.com\/es\/wp-json\/wp\/v2\/pages"}],"about":[{"href":"https:\/\/uniprofinancial.com\/es\/wp-json\/wp\/v2\/types\/page"}],"author":[{"embeddable":true,"href":"https:\/\/uniprofinancial.com\/es\/wp-json\/wp\/v2\/users\/1"}],"replies":[{"embeddable":true,"href":"https:\/\/uniprofinancial.com\/es\/wp-json\/wp\/v2\/comments?post=40"}],"version-history":[{"count":15,"href":"https:\/\/uniprofinancial.com\/es\/wp-json\/wp\/v2\/pages\/40\/revisions"}],"predecessor-version":[{"id":1494,"href":"https:\/\/uniprofinancial.com\/es\/wp-json\/wp\/v2\/pages\/40\/revisions\/1494"}],"wp:attachment":[{"href":"https:\/\/uniprofinancial.com\/es\/wp-json\/wp\/v2\/media?parent=40"}],"curies":[{"name":"wp","href":"https:\/\/api.w.org\/{rel}","templated":true}]}}