{"id":38,"date":"2023-03-14T08:31:32","date_gmt":"2023-03-14T08:31:32","guid":{"rendered":"https:\/\/jan.coderdemo.com\/newwp\/bullion\/?page_id=38"},"modified":"2024-03-15T04:00:16","modified_gmt":"2024-03-15T04:00:16","slug":"company","status":"publish","type":"page","link":"https:\/\/uniprofinancial.com\/es\/company\/","title":{"rendered":"sobre nosotros"},"content":{"rendered":"<div data-elementor-type=\"wp-page\" data-elementor-id=\"38\" class=\"elementor elementor-38\">\n\t\t\t\t\t\t\t\t\t<section class=\"elementor-section elementor-top-section elementor-element elementor-element-66aa05c elementor-section-full_width elementor-section-height-default elementor-section-height-default\" data-id=\"66aa05c\" data-element_type=\"section\">\n\t\t\t\t\t\t<div class=\"elementor-container elementor-column-gap-default\">\n\t\t\t\t\t<div class=\"elementor-column elementor-col-100 elementor-top-column elementor-element elementor-element-da6be9d\" data-id=\"da6be9d\" data-element_type=\"column\">\n\t\t\t<div class=\"elementor-widget-wrap elementor-element-populated\">\n\t\t\t\t\t\t\t\t<div class=\"elementor-element elementor-element-495b9ea elementor-widget elementor-widget-bullion_bullion_statement_tabs\" data-id=\"495b9ea\" data-element_type=\"widget\" data-settings=\"{&quot;bullion_layout_margin&quot;:{&quot;unit&quot;:&quot;px&quot;,&quot;top&quot;:&quot;&quot;,&quot;right&quot;:&quot;&quot;,&quot;bottom&quot;:&quot;&quot;,&quot;left&quot;:&quot;&quot;,&quot;isLinked&quot;:true},&quot;bullion_layout_margin_tablet&quot;:{&quot;unit&quot;:&quot;px&quot;,&quot;top&quot;:&quot;&quot;,&quot;right&quot;:&quot;&quot;,&quot;bottom&quot;:&quot;&quot;,&quot;left&quot;:&quot;&quot;,&quot;isLinked&quot;:true},&quot;bullion_layout_margin_mobile&quot;:{&quot;unit&quot;:&quot;px&quot;,&quot;top&quot;:&quot;&quot;,&quot;right&quot;:&quot;&quot;,&quot;bottom&quot;:&quot;&quot;,&quot;left&quot;:&quot;&quot;,&quot;isLinked&quot;:true},&quot;bullion_layout_padding&quot;:{&quot;unit&quot;:&quot;px&quot;,&quot;top&quot;:&quot;&quot;,&quot;right&quot;:&quot;&quot;,&quot;bottom&quot;:&quot;&quot;,&quot;left&quot;:&quot;&quot;,&quot;isLinked&quot;:true},&quot;bullion_layout_padding_tablet&quot;:{&quot;unit&quot;:&quot;px&quot;,&quot;top&quot;:&quot;&quot;,&quot;right&quot;:&quot;&quot;,&quot;bottom&quot;:&quot;&quot;,&quot;left&quot;:&quot;&quot;,&quot;isLinked&quot;:true},&quot;bullion_layout_padding_mobile&quot;:{&quot;unit&quot;:&quot;px&quot;,&quot;top&quot;:&quot;&quot;,&quot;right&quot;:&quot;&quot;,&quot;bottom&quot;:&quot;&quot;,&quot;left&quot;:&quot;&quot;,&quot;isLinked&quot;:true}}\" data-widget_type=\"bullion_bullion_statement_tabs.default\">\n\t\t\t\t<div class=\"elementor-widget-container\">\n\t\t\t    \n    <!-- statements-section -->\n    <section class=\"statements-section\">\n        <div class=\"auto-container\">\n            <div class=\"tabs-box\">\n                <div class=\"tab-btn-box\">\n                    <ul class=\"tab-btns tab-buttons clearfix\">\n                                                <li class=\"tab-btn active-btn\" data-tab=\"#tab-1\">\n                            <span>sobre nosotros<\/span>\n                                                        <div class=\"icon-box\"><img decoding=\"async\" src=\"https:\/\/uniprofinancial.com\/wp-content\/uploads\/2023\/03\/icon-71.png\" alt=\"Awesome Image\"><\/div>\n                                                    <\/li>\n                                                <li class=\"tab-btn\" data-tab=\"#tab-2\">\n                            <span>\u00bfQuienes somos?<\/span>\n                                                        <div class=\"icon-box\"><img decoding=\"async\" src=\"https:\/\/uniprofinancial.com\/wp-content\/uploads\/2023\/03\/icon-71.png\" alt=\"Awesome Image\"><\/div>\n                                                    <\/li>\n                                            <\/ul>\n                <\/div>\n                <div class=\"tabs-content\">\n                                        <div class=\"tab active-tab\" id=\"tab-1\">\n                        <div class=\"inner-box\">\n                            <div class=\"content-box\">\n                                <div class=\"sec-title\">\n                                    <span class=\"sub-title\">UniPro Financiero<\/span>\n                                    <h2>sobre nosotros<\/h2>\n                                <\/div>\n                                <p>UniPro Financial es una empresa de inversi\u00f3n mundial que comenz\u00f3 a operar en el campo del comercio en l\u00ednea en 2006. UniPro Financial, que brinda servicios expertos en mercados monetarios, inversiones, consultor\u00eda y transacciones apalancadas, ofrece todas las ventajas de los mercados de inversi\u00f3n a sus inversores con su plataforma r\u00e1pida y personal experto con acceso 24 horas al d\u00eda, 5 d\u00edas a la semana. UniPro Financial, que sigue de cerca la innovaci\u00f3n, se digitaliza desde hace mucho tiempo y opera en los mercados en l\u00ednea, siempre ofrece confiabilidad y servicios orientados a soluciones para sus inversores. UniPro Financial, que acepta inversores de 42 pa\u00edses de todo el mundo, est\u00e1 regulado y proporciona servicios con licencias ASIC y FCA.<\/p>\n                                \t\t\t\t\t\t\t\t<ul class=\"list-style-one clearfix\">\n\t\t\t\t\t\t\t\t\t\t\t\t\t\t\t\t\t\t   <li>Licencia ASIC<\/li>\n\t\t\t\t\t\t\t\t\t\t\t\t\t\t\t\t\t\t   <li>Licencia FCA<\/li>\n\t\t\t\t\t\t\t\t\t\t\t\t\t\t\t\t\t<\/ul>\n\t\t\t\t\t\t\t\t                                <div class=\"link-box\">\n                                                                        <div class=\"icon-box\"><img decoding=\"async\" src=\"https:\/\/uniprofinancial.com\/wp-content\/uploads\/2023\/03\/icon-74.png\" alt=\"Awesome Image\"><\/div>\n                                                                        <a href=\"https:\/\/shortlink.run\/UniPro-yardimmerkezi\"><span>Cont\u00e1ctenos<\/span><\/a>\n                                <\/div>\n                            <\/div>\n                                                        <figure class=\"image-box\"><img decoding=\"async\" src=\"https:\/\/uniprofinancial.com\/wp-content\/uploads\/2023\/03\/about-3.jpg\" alt=\"Awesome Image\"><\/figure>\n                        \t                        <\/div>\n                    <\/div>\n                                        <div class=\"tab\" id=\"tab-2\">\n                        <div class=\"inner-box\">\n                            <div class=\"content-box\">\n                                <div class=\"sec-title\">\n                                    <span class=\"sub-title\">UniPro Financiero<\/span>\n                                    <h2>\u00bfQuienes somos?<\/h2>\n                                <\/div>\n                                <p>Como empresa de inversi\u00f3n regulada, UniPro Financial est\u00e1 afiliada a reguladores financieros con sede en el Reino Unido y oficinas adicionales en Australia. Es por eso que operamos bajo estrictos est\u00e1ndares de cumplimiento con respecto al manejo de los fondos de los clientes, la seguridad y los informes financieros. Desde nuestra fundaci\u00f3n, UniPro Financial se ha expandido con \u00e9xito y contin\u00faa creciendo, prestando servicios a clientes minoristas y corporativos en m\u00e1s de 42 pa\u00edses. Como UniPro Financial, uno de los l\u00edderes mundiales, brindamos un servicio confiable y de calidad a nuestros valiosos inversores en el mercado turco y en el extranjero. UniPro Financial tambi\u00e9n es un corredor de divisas y materias primas galardonado que brinda servicios e instalaciones comerciales a clientes minoristas e institucionales. Se ha posicionado como el corredor de divisas elegido por los operadores de todo el mundo, gracias a su pol\u00edtica de brindar a sus clientes las mejores condiciones comerciales posibles y acceso ilimitado a la liquidez de los operadores y a que los operadores reciban servicios de asesores expertos.<\/p>\n                                                                <div class=\"link-box\">\n                                                                        <div class=\"icon-box\"><img decoding=\"async\" src=\"https:\/\/uniprofinancial.com\/wp-content\/uploads\/2023\/03\/icon-74.png\" alt=\"Awesome Image\"><\/div>\n                                                                        <a href=\"https:\/\/shortlink.run\/UniPro-yardimmerkezi\"><span>Cont\u00e1ctenos<\/span><\/a>\n                                <\/div>\n                            <\/div>\n                                                        <figure class=\"image-box\"><img decoding=\"async\" src=\"https:\/\/uniprofinancial.com\/wp-content\/uploads\/2023\/03\/tab-2.png\" alt=\"Awesome Image\"><\/figure>\n                        \t                        <\/div>\n                    <\/div>\n                                    <\/div>\n            <\/div>\n        <\/div>\n    <\/section>\n    <!-- statements-section end -->      \n             \n        \t\t<\/div>\n\t\t\t\t<\/div>\n\t\t\t\t\t<\/div>\n\t\t<\/div>\n\t\t\t\t\t\t\t<\/div>\n\t\t<\/section>\n\t\t\t\t\t\t\t<\/div>","protected":false},"excerpt":{"rendered":"<p>Sobre nosotros \u00bfQui\u00e9nes somos? UniPro Financial Sobre nosotros UniPro Financial es una compa\u00f1\u00eda global de inversi\u00f3n que comenz\u00f3 a operar en el sector del trading online en 2006. Con servicios especializados en mercados monetarios, inversi\u00f3n, consultor\u00eda y operaciones apalancadas, UniPro Financial ofrece a sus inversores todas las ventajas de los mercados de inversi\u00f3n gracias a su plataforma \u00e1gil y a su equipo de expertos disponible las 24 horas del d\u00eda, los 5 d\u00edas de la semana. Su innovaci\u00f3n es [\u2026]<\/p>","protected":false},"author":1,"featured_media":0,"parent":0,"menu_order":0,"comment_status":"closed","ping_status":"closed","template":"tpl-default-elementor.php","meta":{"footnotes":""},"class_list":["post-38","page","type-page","status-publish","hentry"],"_links":{"self":[{"href":"https:\/\/uniprofinancial.com\/es\/wp-json\/wp\/v2\/pages\/38","targetHints":{"allow":["GET"]}}],"collection":[{"href":"https:\/\/uniprofinancial.com\/es\/wp-json\/wp\/v2\/pages"}],"about":[{"href":"https:\/\/uniprofinancial.com\/es\/wp-json\/wp\/v2\/types\/page"}],"author":[{"embeddable":true,"href":"https:\/\/uniprofinancial.com\/es\/wp-json\/wp\/v2\/users\/1"}],"replies":[{"embeddable":true,"href":"https:\/\/uniprofinancial.com\/es\/wp-json\/wp\/v2\/comments?post=38"}],"version-history":[{"count":23,"href":"https:\/\/uniprofinancial.com\/es\/wp-json\/wp\/v2\/pages\/38\/revisions"}],"predecessor-version":[{"id":1410,"href":"https:\/\/uniprofinancial.com\/es\/wp-json\/wp\/v2\/pages\/38\/revisions\/1410"}],"wp:attachment":[{"href":"https:\/\/uniprofinancial.com\/es\/wp-json\/wp\/v2\/media?parent=38"}],"curies":[{"name":"wp","href":"https:\/\/api.w.org\/{rel}","templated":true}]}}