{"id":33,"date":"2023-03-14T08:29:57","date_gmt":"2023-03-14T08:29:57","guid":{"rendered":"https:\/\/jan.coderdemo.com\/newwp\/bullion\/?page_id=33"},"modified":"2024-03-15T04:00:58","modified_gmt":"2024-03-15T04:00:58","slug":"our-accounts","status":"publish","type":"page","link":"https:\/\/uniprofinancial.com\/en\/our-accounts\/","title":{"rendered":"Accounts"},"content":{"rendered":"<div data-elementor-type=\"wp-page\" data-elementor-id=\"33\" class=\"elementor elementor-33\">\n\t\t\t\t\t\t\t\t\t<section class=\"elementor-section elementor-top-section elementor-element elementor-element-32bc3f7 elementor-section-full_width elementor-section-height-default elementor-section-height-default\" data-id=\"32bc3f7\" data-element_type=\"section\">\n\t\t\t\t\t\t<div class=\"elementor-container elementor-column-gap-default\">\n\t\t\t\t\t<div class=\"elementor-column elementor-col-100 elementor-top-column elementor-element elementor-element-f5ceb1c\" data-id=\"f5ceb1c\" data-element_type=\"column\">\n\t\t\t<div class=\"elementor-widget-wrap elementor-element-populated\">\n\t\t\t\t\t\t\t\t<div class=\"elementor-element elementor-element-5953315 elementor-widget elementor-widget-bullion_bullion_trading_grid\" data-id=\"5953315\" data-element_type=\"widget\" data-settings=\"{&quot;bullion_layout_margin&quot;:{&quot;unit&quot;:&quot;px&quot;,&quot;top&quot;:&quot;&quot;,&quot;right&quot;:&quot;&quot;,&quot;bottom&quot;:&quot;&quot;,&quot;left&quot;:&quot;&quot;,&quot;isLinked&quot;:true},&quot;bullion_layout_margin_tablet&quot;:{&quot;unit&quot;:&quot;px&quot;,&quot;top&quot;:&quot;&quot;,&quot;right&quot;:&quot;&quot;,&quot;bottom&quot;:&quot;&quot;,&quot;left&quot;:&quot;&quot;,&quot;isLinked&quot;:true},&quot;bullion_layout_margin_mobile&quot;:{&quot;unit&quot;:&quot;px&quot;,&quot;top&quot;:&quot;&quot;,&quot;right&quot;:&quot;&quot;,&quot;bottom&quot;:&quot;&quot;,&quot;left&quot;:&quot;&quot;,&quot;isLinked&quot;:true},&quot;bullion_layout_padding&quot;:{&quot;unit&quot;:&quot;px&quot;,&quot;top&quot;:&quot;&quot;,&quot;right&quot;:&quot;&quot;,&quot;bottom&quot;:&quot;&quot;,&quot;left&quot;:&quot;&quot;,&quot;isLinked&quot;:true},&quot;bullion_layout_padding_tablet&quot;:{&quot;unit&quot;:&quot;px&quot;,&quot;top&quot;:&quot;&quot;,&quot;right&quot;:&quot;&quot;,&quot;bottom&quot;:&quot;&quot;,&quot;left&quot;:&quot;&quot;,&quot;isLinked&quot;:true},&quot;bullion_layout_padding_mobile&quot;:{&quot;unit&quot;:&quot;px&quot;,&quot;top&quot;:&quot;&quot;,&quot;right&quot;:&quot;&quot;,&quot;bottom&quot;:&quot;&quot;,&quot;left&quot;:&quot;&quot;,&quot;isLinked&quot;:true}}\" data-widget_type=\"bullion_bullion_trading_grid.default\">\n\t\t\t\t<div class=\"elementor-widget-container\">\n\t\t\t        <!-- account-section -->\n    <section class=\"account-section account-page bg-color-1\">\n        <div class=\"auto-container\">\n                        <div class=\"sec-title centred\">\n                <span class=\"sub-title\">Account Types<\/span>                <h2>Forex Trading <span>accounts<\/span><\/h2>            <\/div>\n                        <div class=\"row clearfix\">\n                                <div class=\"col-lg-4 col-md-6 col-sm-12 account-block\">\n                    <div class=\"account-block-one\">\n                        <div class=\"inner-box\">\n                            <div class=\"image-box\">\n                                <figure class=\"image\"><img loading=\"lazy\" decoding=\"async\" width=\"345\" height=\"260\" src=\"https:\/\/uniprofinancial.com\/wp-content\/uploads\/2023\/03\/account-1.jpg\" class=\"attachment-bullion_345x260 size-bullion_345x260 wp-post-image\" alt=\"\" srcset=\"https:\/\/uniprofinancial.com\/wp-content\/uploads\/2023\/03\/account-1.jpg 345w, https:\/\/uniprofinancial.com\/wp-content\/uploads\/2023\/03\/account-1-300x226.jpg 300w\" sizes=\"auto, (max-width: 345px) 100vw, 345px\" \/><\/figure>\n                                <div class=\"title-text\">\n                                    <h3><a href=\"https:\/\/uniprofinancial.com\/en\/tradings\/standard-a-c\/\">Standard Account<\/a><\/h3>\n                                \t                                    <div class=\"icon-box\"><img decoding=\"async\" src=\"https:\/\/uniprofinancial.com\/wp-content\/uploads\/2023\/03\/icon-13.png\" alt=\"Awesome Image\"><\/div>\n                                <\/div>\n                            <\/div>\n                            <div class=\"lower-content\">\n                                <div class=\"text-box\">\n                                    <p>Standard Account Features Standard forex account, dynamic market trading ...<\/p>\n                                <\/div>\n                                <div class=\"link-box\">\n                                    <a href=\"https:\/\/uniprofinancial.com\/en\/tradings\/standard-a-c\/\"><span>Open an account<\/span><\/a>\n                                <\/div>\n                            <\/div>\n                        <\/div>\n                    <\/div>\n                <\/div>\n                                <div class=\"col-lg-4 col-md-6 col-sm-12 account-block\">\n                    <div class=\"account-block-one\">\n                        <div class=\"inner-box\">\n                            <div class=\"image-box\">\n                                <figure class=\"image\"><img loading=\"lazy\" decoding=\"async\" width=\"345\" height=\"260\" src=\"https:\/\/uniprofinancial.com\/wp-content\/uploads\/2023\/03\/account-2.jpg\" class=\"attachment-bullion_345x260 size-bullion_345x260 wp-post-image\" alt=\"\" srcset=\"https:\/\/uniprofinancial.com\/wp-content\/uploads\/2023\/03\/account-2.jpg 345w, https:\/\/uniprofinancial.com\/wp-content\/uploads\/2023\/03\/account-2-300x226.jpg 300w\" sizes=\"auto, (max-width: 345px) 100vw, 345px\" \/><\/figure>\n                                <div class=\"title-text\">\n                                    <h3><a href=\"https:\/\/uniprofinancial.com\/en\/tradings\/commission-a-c\/\">Gold Account<\/a><\/h3>\n                                \t                                    <div class=\"icon-box\"><img decoding=\"async\" src=\"https:\/\/uniprofinancial.com\/wp-content\/uploads\/2023\/03\/icon-14.png\" alt=\"Awesome Image\"><\/div>\n                                <\/div>\n                            <\/div>\n                            <div class=\"lower-content\">\n                                <div class=\"text-box\">\n                                    <p>Gold Investment Account UniPro Financial, trading in the foreign exchange market...<\/p>\n                                <\/div>\n                                <div class=\"link-box\">\n                                    <a href=\"https:\/\/uniprofinancial.com\/en\/tradings\/commission-a-c\/\"><span>Open an account<\/span><\/a>\n                                <\/div>\n                            <\/div>\n                        <\/div>\n                    <\/div>\n                <\/div>\n                                <div class=\"col-lg-4 col-md-6 col-sm-12 account-block\">\n                    <div class=\"account-block-one\">\n                        <div class=\"inner-box\">\n                            <div class=\"image-box\">\n                                <figure class=\"image\"><img loading=\"lazy\" decoding=\"async\" width=\"345\" height=\"260\" src=\"https:\/\/uniprofinancial.com\/wp-content\/uploads\/2023\/03\/account-3.jpg\" class=\"attachment-bullion_345x260 size-bullion_345x260 wp-post-image\" alt=\"\" srcset=\"https:\/\/uniprofinancial.com\/wp-content\/uploads\/2023\/03\/account-3.jpg 345w, https:\/\/uniprofinancial.com\/wp-content\/uploads\/2023\/03\/account-3-300x226.jpg 300w\" sizes=\"auto, (max-width: 345px) 100vw, 345px\" \/><\/figure>\n                                <div class=\"title-text\">\n                                    <h3><a href=\"https:\/\/uniprofinancial.com\/en\/tradings\/stp-pro-a-c\/\">Platinum Investment Account<\/a><\/h3>\n                                \t                                    <div class=\"icon-box\"><img decoding=\"async\" src=\"https:\/\/uniprofinancial.com\/wp-content\/uploads\/2023\/03\/icon-15.png\" alt=\"Awesome Image\"><\/div>\n                                <\/div>\n                            <\/div>\n                            <div class=\"lower-content\">\n                                <div class=\"text-box\">\n                                    <p>Platinum Investment Account UniPro Financial offers investors the highest level of...<\/p>\n                                <\/div>\n                                <div class=\"link-box\">\n                                    <a href=\"https:\/\/uniprofinancial.com\/en\/tradings\/stp-pro-a-c\/\"><span>Open an account<\/span><\/a>\n                                <\/div>\n                            <\/div>\n                        <\/div>\n                    <\/div>\n                <\/div>\n                                <div class=\"col-lg-4 col-md-6 col-sm-12 account-block\">\n                    <div class=\"account-block-one\">\n                        <div class=\"inner-box\">\n                            <div class=\"image-box\">\n                                <figure class=\"image\"><img loading=\"lazy\" decoding=\"async\" width=\"345\" height=\"260\" src=\"https:\/\/uniprofinancial.com\/wp-content\/uploads\/2023\/03\/account-3.jpg\" class=\"attachment-bullion_345x260 size-bullion_345x260 wp-post-image\" alt=\"\" srcset=\"https:\/\/uniprofinancial.com\/wp-content\/uploads\/2023\/03\/account-3.jpg 345w, https:\/\/uniprofinancial.com\/wp-content\/uploads\/2023\/03\/account-3-300x226.jpg 300w\" sizes=\"auto, (max-width: 345px) 100vw, 345px\" \/><\/figure>\n                                <div class=\"title-text\">\n                                    <h3><a href=\"https:\/\/uniprofinancial.com\/en\/tradings\/diamond-yatirim-hesabi\/\">Diamond Investment Account<\/a><\/h3>\n                                \t                                    <div class=\"icon-box\"><img decoding=\"async\" src=\"https:\/\/uniprofinancial.com\/wp-content\/uploads\/2023\/03\/icon-79.png\" alt=\"Awesome Image\"><\/div>\n                                <\/div>\n                            <\/div>\n                            <div class=\"lower-content\">\n                                <div class=\"text-box\">\n                                    <p>Diamond Investment Account UniPro Financial offers investors the highest level of...<\/p>\n                                <\/div>\n                                <div class=\"link-box\">\n                                    <a href=\"https:\/\/uniprofinancial.com\/en\/tradings\/diamond-yatirim-hesabi\/\"><span>Open an account<\/span><\/a>\n                                <\/div>\n                            <\/div>\n                        <\/div>\n                    <\/div>\n                <\/div>\n                            <\/div>\n        <\/div>\n    <\/section>\n    <!-- account-section end -->\n    \n        \t\t<\/div>\n\t\t\t\t<\/div>\n\t\t\t\t\t<\/div>\n\t\t<\/div>\n\t\t\t\t\t\t\t<\/div>\n\t\t<\/section>\n\t\t\t\t<section class=\"elementor-section elementor-top-section elementor-element elementor-element-62979fb elementor-section-full_width elementor-section-height-default elementor-section-height-default\" data-id=\"62979fb\" data-element_type=\"section\">\n\t\t\t\t\t\t<div class=\"elementor-container elementor-column-gap-default\">\n\t\t\t\t\t<div class=\"elementor-column elementor-col-100 elementor-top-column elementor-element elementor-element-777f9f8\" data-id=\"777f9f8\" data-element_type=\"column\">\n\t\t\t<div class=\"elementor-widget-wrap elementor-element-populated\">\n\t\t\t\t\t\t\t\t<div class=\"elementor-element elementor-element-631b225 elementor-widget elementor-widget-bullion_why_choose_us\" data-id=\"631b225\" data-element_type=\"widget\" data-settings=\"{&quot;bullion_layout_margin&quot;:{&quot;unit&quot;:&quot;px&quot;,&quot;top&quot;:&quot;&quot;,&quot;right&quot;:&quot;&quot;,&quot;bottom&quot;:&quot;&quot;,&quot;left&quot;:&quot;&quot;,&quot;isLinked&quot;:true},&quot;bullion_layout_margin_tablet&quot;:{&quot;unit&quot;:&quot;px&quot;,&quot;top&quot;:&quot;&quot;,&quot;right&quot;:&quot;&quot;,&quot;bottom&quot;:&quot;&quot;,&quot;left&quot;:&quot;&quot;,&quot;isLinked&quot;:true},&quot;bullion_layout_margin_mobile&quot;:{&quot;unit&quot;:&quot;px&quot;,&quot;top&quot;:&quot;&quot;,&quot;right&quot;:&quot;&quot;,&quot;bottom&quot;:&quot;&quot;,&quot;left&quot;:&quot;&quot;,&quot;isLinked&quot;:true},&quot;bullion_layout_padding&quot;:{&quot;unit&quot;:&quot;px&quot;,&quot;top&quot;:&quot;&quot;,&quot;right&quot;:&quot;&quot;,&quot;bottom&quot;:&quot;&quot;,&quot;left&quot;:&quot;&quot;,&quot;isLinked&quot;:true},&quot;bullion_layout_padding_tablet&quot;:{&quot;unit&quot;:&quot;px&quot;,&quot;top&quot;:&quot;&quot;,&quot;right&quot;:&quot;&quot;,&quot;bottom&quot;:&quot;&quot;,&quot;left&quot;:&quot;&quot;,&quot;isLinked&quot;:true},&quot;bullion_layout_padding_mobile&quot;:{&quot;unit&quot;:&quot;px&quot;,&quot;top&quot;:&quot;&quot;,&quot;right&quot;:&quot;&quot;,&quot;bottom&quot;:&quot;&quot;,&quot;left&quot;:&quot;&quot;,&quot;isLinked&quot;:true}}\" data-widget_type=\"bullion_why_choose_us.default\">\n\t\t\t\t<div class=\"elementor-widget-container\">\n\t\t\t\t    <!-- chooseus-section -->\n    <section class=\"chooseus-section market-details-page\">\n        <div class=\"auto-container\">\n                        <div class=\"sec-title light\">\n                <span class=\"sub-title\">Why Should You Choose Us?<\/span>                <h2><span>Don&#039;t Choose Us<\/span> your why<\/h2>                        \n            <\/div>\n                        <div class=\"three-item-carousel te-three-item-carousel owl-carousel owl-theme owl-dots-none nav-style-one\" data-slider=\"{&quot;infinite&quot;:true,&quot;autoplay&quot;:true,&quot;autoplaySpeed&quot;:&quot;2500&quot;,&quot;dots&quot;:false,&quot;nav&quot;:true,&quot;item_gap&quot;:30,&quot;item_show&quot;:3}\">\n                                <div class=\"chooseus-block-one\">\n                    <div class=\"inner-box\">\n                        <div class=\"shape\">\n\t\t\t\t\t\t\t<div class=\"shape-1\" style=\"background-image: url(https:\/\/uniprofinancial.com\/wp-content\/uploads\/2023\/03\/shape-37.png);\"><\/div>                            <div class=\"shape-2\" style=\"background-image: url(https:\/\/uniprofinancial.com\/wp-content\/uploads\/2023\/03\/shape-38.png);\"><\/div>                            <div class=\"shape-3\" style=\"background-image: url(https:\/\/uniprofinancial.com\/wp-content\/uploads\/2023\/03\/shape-6-1.png);\"><\/div>                        <\/div>\n                        <h3><a href=\"https:\/\/shortlink.run\/UniPro-yardimmerkezi\">Friendly and Expert<\/a><\/h3>\n                        <p><\/p>\n                                                <div class=\"icon-box\"><img decoding=\"async\" src=\"https:\/\/uniprofinancial.com\/wp-content\/uploads\/2023\/03\/icon-21.png\" alt=\"Awesome Image\"><\/div>\n                                            <\/div>\n                <\/div>\n                                <div class=\"chooseus-block-one\">\n                    <div class=\"inner-box\">\n                        <div class=\"shape\">\n\t\t\t\t\t\t\t<div class=\"shape-1\" style=\"background-image: url(https:\/\/uniprofinancial.com\/wp-content\/uploads\/2023\/03\/shape-37.png);\"><\/div>                            <div class=\"shape-2\" style=\"background-image: url(https:\/\/uniprofinancial.com\/wp-content\/uploads\/2023\/03\/shape-38.png);\"><\/div>                            <div class=\"shape-3\" style=\"background-image: url(https:\/\/uniprofinancial.com\/wp-content\/uploads\/2023\/03\/shape-6-1.png);\"><\/div>                        <\/div>\n                        <h3><a href=\"https:\/\/shortlink.run\/UniPro-yardimmerkezi\">24\/7 Support<\/a><\/h3>\n                        <p><\/p>\n                                                <div class=\"icon-box\"><img decoding=\"async\" src=\"https:\/\/uniprofinancial.com\/wp-content\/uploads\/2023\/03\/icon-22.png\" alt=\"Awesome Image\"><\/div>\n                                            <\/div>\n                <\/div>\n                                <div class=\"chooseus-block-one\">\n                    <div class=\"inner-box\">\n                        <div class=\"shape\">\n\t\t\t\t\t\t\t<div class=\"shape-1\" style=\"background-image: url(https:\/\/uniprofinancial.com\/wp-content\/uploads\/2023\/03\/shape-37.png);\"><\/div>                            <div class=\"shape-2\" style=\"background-image: url(https:\/\/uniprofinancial.com\/wp-content\/uploads\/2023\/03\/shape-38.png);\"><\/div>                            <div class=\"shape-3\" style=\"background-image: url(https:\/\/uniprofinancial.com\/wp-content\/uploads\/2023\/03\/shape-6-1.png);\"><\/div>                        <\/div>\n                        <h3><a href=\"https:\/\/shortlink.run\/UniPro-yardimmerkezi\">Demo Account<\/a><\/h3>\n                        <p><\/p>\n                                                <div class=\"icon-box\"><img decoding=\"async\" src=\"https:\/\/uniprofinancial.com\/wp-content\/uploads\/2023\/03\/icon-23.png\" alt=\"Awesome Image\"><\/div>\n                                            <\/div>\n                <\/div>\n                                <div class=\"chooseus-block-one\">\n                    <div class=\"inner-box\">\n                        <div class=\"shape\">\n\t\t\t\t\t\t\t<div class=\"shape-1\" style=\"background-image: url(https:\/\/uniprofinancial.com\/wp-content\/uploads\/2023\/03\/shape-37.png);\"><\/div>                            <div class=\"shape-2\" style=\"background-image: url(https:\/\/uniprofinancial.com\/wp-content\/uploads\/2023\/03\/shape-38.png);\"><\/div>                            <div class=\"shape-3\" style=\"background-image: url(https:\/\/uniprofinancial.com\/wp-content\/uploads\/2023\/03\/shape-6-1.png);\"><\/div>                        <\/div>\n                        <h3><a href=\"https:\/\/shortlink.run\/UniPro-yardimmerkezi\">Friendly and Expert<\/a><\/h3>\n                        <p><\/p>\n                                                <div class=\"icon-box\"><img decoding=\"async\" src=\"https:\/\/uniprofinancial.com\/wp-content\/uploads\/2023\/03\/icon-21.png\" alt=\"Awesome Image\"><\/div>\n                                            <\/div>\n                <\/div>\n                                <div class=\"chooseus-block-one\">\n                    <div class=\"inner-box\">\n                        <div class=\"shape\">\n\t\t\t\t\t\t\t<div class=\"shape-1\" style=\"background-image: url(https:\/\/uniprofinancial.com\/wp-content\/uploads\/2023\/03\/shape-37.png);\"><\/div>                            <div class=\"shape-2\" style=\"background-image: url(https:\/\/uniprofinancial.com\/wp-content\/uploads\/2023\/03\/shape-38.png);\"><\/div>                            <div class=\"shape-3\" style=\"background-image: url(https:\/\/uniprofinancial.com\/wp-content\/uploads\/2023\/03\/shape-6-1.png);\"><\/div>                        <\/div>\n                        <h3><a href=\"https:\/\/shortlink.run\/UniPro-yardimmerkezi\">24\/7 Support<\/a><\/h3>\n                        <p><\/p>\n                                                <div class=\"icon-box\"><img decoding=\"async\" src=\"https:\/\/uniprofinancial.com\/wp-content\/uploads\/2023\/03\/icon-22.png\" alt=\"Awesome Image\"><\/div>\n                                            <\/div>\n                <\/div>\n                                <div class=\"chooseus-block-one\">\n                    <div class=\"inner-box\">\n                        <div class=\"shape\">\n\t\t\t\t\t\t\t<div class=\"shape-1\" style=\"background-image: url(https:\/\/uniprofinancial.com\/wp-content\/uploads\/2023\/03\/shape-37.png);\"><\/div>                            <div class=\"shape-2\" style=\"background-image: url(https:\/\/uniprofinancial.com\/wp-content\/uploads\/2023\/03\/shape-38.png);\"><\/div>                            <div class=\"shape-3\" style=\"background-image: url(https:\/\/uniprofinancial.com\/wp-content\/uploads\/2023\/03\/shape-6-1.png);\"><\/div>                        <\/div>\n                        <h3><a href=\"https:\/\/shortlink.run\/UniPro-yardimmerkezi\">demo account<\/a><\/h3>\n                        <p><\/p>\n                                                <div class=\"icon-box\"><img decoding=\"async\" src=\"https:\/\/uniprofinancial.com\/wp-content\/uploads\/2023\/03\/icon-23.png\" alt=\"Awesome Image\"><\/div>\n                                            <\/div>\n                <\/div>\n                                <div class=\"chooseus-block-one\">\n                    <div class=\"inner-box\">\n                        <div class=\"shape\">\n\t\t\t\t\t\t\t<div class=\"shape-1\" style=\"background-image: url(https:\/\/uniprofinancial.com\/wp-content\/uploads\/2023\/03\/shape-37.png);\"><\/div>                            <div class=\"shape-2\" style=\"background-image: url(https:\/\/uniprofinancial.com\/wp-content\/uploads\/2023\/03\/shape-38.png);\"><\/div>                            <div class=\"shape-3\" style=\"background-image: url(https:\/\/uniprofinancial.com\/wp-content\/uploads\/2023\/03\/shape-6-1.png);\"><\/div>                        <\/div>\n                        <h3><a href=\"https:\/\/shortlink.run\/UniPro-yardimmerkezi\">Friendly and Expert<\/a><\/h3>\n                        <p><\/p>\n                                                <div class=\"icon-box\"><img decoding=\"async\" src=\"https:\/\/uniprofinancial.com\/wp-content\/uploads\/2023\/03\/icon-21.png\" alt=\"Awesome Image\"><\/div>\n                                            <\/div>\n                <\/div>\n                                <div class=\"chooseus-block-one\">\n                    <div class=\"inner-box\">\n                        <div class=\"shape\">\n\t\t\t\t\t\t\t<div class=\"shape-1\" style=\"background-image: url(https:\/\/uniprofinancial.com\/wp-content\/uploads\/2023\/03\/shape-37.png);\"><\/div>                            <div class=\"shape-2\" style=\"background-image: url(https:\/\/uniprofinancial.com\/wp-content\/uploads\/2023\/03\/shape-38.png);\"><\/div>                            <div class=\"shape-3\" style=\"background-image: url(https:\/\/uniprofinancial.com\/wp-content\/uploads\/2023\/03\/shape-6-1.png);\"><\/div>                        <\/div>\n                        <h3><a href=\"https:\/\/shortlink.run\/UniPro-yardimmerkezi\">24\/7 Support<\/a><\/h3>\n                        <p><\/p>\n                                                <div class=\"icon-box\"><img decoding=\"async\" src=\"https:\/\/uniprofinancial.com\/wp-content\/uploads\/2023\/03\/icon-22.png\" alt=\"Awesome Image\"><\/div>\n                                            <\/div>\n                <\/div>\n                                <div class=\"chooseus-block-one\">\n                    <div class=\"inner-box\">\n                        <div class=\"shape\">\n\t\t\t\t\t\t\t<div class=\"shape-1\" style=\"background-image: url(https:\/\/uniprofinancial.com\/wp-content\/uploads\/2023\/03\/shape-37.png);\"><\/div>                            <div class=\"shape-2\" style=\"background-image: url(https:\/\/uniprofinancial.com\/wp-content\/uploads\/2023\/03\/shape-38.png);\"><\/div>                            <div class=\"shape-3\" style=\"background-image: url(https:\/\/uniprofinancial.com\/wp-content\/uploads\/2023\/03\/shape-6-1.png);\"><\/div>                        <\/div>\n                        <h3><a href=\"https:\/\/shortlink.run\/UniPro-yardimmerkezi\">Demo Account<\/a><\/h3>\n                        <p><\/p>\n                                                <div class=\"icon-box\"><img decoding=\"async\" src=\"https:\/\/uniprofinancial.com\/wp-content\/uploads\/2023\/03\/icon-23.png\" alt=\"Awesome Image\"><\/div>\n                                            <\/div>\n                <\/div>\n                            <\/div>\n        <\/div>\n    <\/section>\n    <!-- chooseus-section end -->\n    \n                         \n    \t\t<\/div>\n\t\t\t\t<\/div>\n\t\t\t\t\t<\/div>\n\t\t<\/div>\n\t\t\t\t\t\t\t<\/div>\n\t\t<\/section>\n\t\t\t\t\t\t\t<\/div>","protected":false},"excerpt":{"rendered":"<p>Account Types Forex Trading Accounts Standard Hesap Standart Hesap \u00d6zellikleri Standart forex hesab\u0131, dinamik piyasada i\u015flem yapmaya ba\u015flamak isteyen yat\u0131r\u0131mc\u0131lar i\u00e7in s\u0131k\u00e7a tercih edilen bir se\u00e7enektir. Baz Para Birim = $ Minimum Spread = 9 Pip Mobil \u0130\u015flem = Evet Uygulama T\u00fcr\u00fc = Pazar Platform = UniPro Financial Komisyonlar = %0 Standart Forex Hesab\u0131 Nedir? [&hellip;]<\/p>","protected":false},"author":1,"featured_media":0,"parent":0,"menu_order":0,"comment_status":"closed","ping_status":"closed","template":"tpl-default-elementor.php","meta":{"footnotes":""},"class_list":["post-33","page","type-page","status-publish","hentry"],"_links":{"self":[{"href":"https:\/\/uniprofinancial.com\/en\/wp-json\/wp\/v2\/pages\/33","targetHints":{"allow":["GET"]}}],"collection":[{"href":"https:\/\/uniprofinancial.com\/en\/wp-json\/wp\/v2\/pages"}],"about":[{"href":"https:\/\/uniprofinancial.com\/en\/wp-json\/wp\/v2\/types\/page"}],"author":[{"embeddable":true,"href":"https:\/\/uniprofinancial.com\/en\/wp-json\/wp\/v2\/users\/1"}],"replies":[{"embeddable":true,"href":"https:\/\/uniprofinancial.com\/en\/wp-json\/wp\/v2\/comments?post=33"}],"version-history":[{"count":11,"href":"https:\/\/uniprofinancial.com\/en\/wp-json\/wp\/v2\/pages\/33\/revisions"}],"predecessor-version":[{"id":1445,"href":"https:\/\/uniprofinancial.com\/en\/wp-json\/wp\/v2\/pages\/33\/revisions\/1445"}],"wp:attachment":[{"href":"https:\/\/uniprofinancial.com\/en\/wp-json\/wp\/v2\/media?parent=33"}],"curies":[{"name":"wp","href":"https:\/\/api.w.org\/{rel}","templated":true}]}}