{"id":55,"date":"2023-03-14T08:37:48","date_gmt":"2023-03-14T08:37:48","guid":{"rendered":"https:\/\/jan.coderdemo.com\/newwp\/bullion\/?page_id=55"},"modified":"2024-04-01T07:24:02","modified_gmt":"2024-04-01T07:24:02","slug":"contact","status":"publish","type":"page","link":"https:\/\/uniprofinancial.com\/el\/contact\/","title":{"rendered":"\u0395\u03c0\u03b9\u03ba\u03bf\u03b9\u03bd\u03c9\u03bd\u03af\u03b1"},"content":{"rendered":"<div data-elementor-type=\"wp-page\" data-elementor-id=\"55\" class=\"elementor elementor-55\">\n\t\t\t\t\t\t\t\t\t<section class=\"elementor-section elementor-top-section elementor-element elementor-element-86af5a0 elementor-section-full_width elementor-section-height-default elementor-section-height-default\" data-id=\"86af5a0\" data-element_type=\"section\">\n\t\t\t\t\t\t<div class=\"elementor-container elementor-column-gap-default\">\n\t\t\t\t\t<div class=\"elementor-column elementor-col-100 elementor-top-column elementor-element elementor-element-553621d\" data-id=\"553621d\" data-element_type=\"column\">\n\t\t\t<div class=\"elementor-widget-wrap\">\n\t\t\t\t\t\t\t\t\t<\/div>\n\t\t<\/div>\n\t\t\t\t\t\t\t<\/div>\n\t\t<\/section>\n\t\t\t\t<section class=\"elementor-section elementor-top-section elementor-element elementor-element-5262a05 elementor-section-full_width elementor-section-height-default elementor-section-height-default\" data-id=\"5262a05\" data-element_type=\"section\">\n\t\t\t\t\t\t<div class=\"elementor-container elementor-column-gap-default\">\n\t\t\t\t\t<div class=\"elementor-column elementor-col-100 elementor-top-column elementor-element elementor-element-c6c9a86\" data-id=\"c6c9a86\" data-element_type=\"column\">\n\t\t\t<div class=\"elementor-widget-wrap elementor-element-populated\">\n\t\t\t\t\t\t\t\t<div class=\"elementor-element elementor-element-c2c44d9 elementor-widget elementor-widget-bullion_bullion_contact_us\" data-id=\"c2c44d9\" data-element_type=\"widget\" data-settings=\"{&quot;bullion_layout_margin&quot;:{&quot;unit&quot;:&quot;px&quot;,&quot;top&quot;:&quot;&quot;,&quot;right&quot;:&quot;&quot;,&quot;bottom&quot;:&quot;&quot;,&quot;left&quot;:&quot;&quot;,&quot;isLinked&quot;:true},&quot;bullion_layout_margin_tablet&quot;:{&quot;unit&quot;:&quot;px&quot;,&quot;top&quot;:&quot;&quot;,&quot;right&quot;:&quot;&quot;,&quot;bottom&quot;:&quot;&quot;,&quot;left&quot;:&quot;&quot;,&quot;isLinked&quot;:true},&quot;bullion_layout_margin_mobile&quot;:{&quot;unit&quot;:&quot;px&quot;,&quot;top&quot;:&quot;&quot;,&quot;right&quot;:&quot;&quot;,&quot;bottom&quot;:&quot;&quot;,&quot;left&quot;:&quot;&quot;,&quot;isLinked&quot;:true},&quot;bullion_layout_padding&quot;:{&quot;unit&quot;:&quot;px&quot;,&quot;top&quot;:&quot;&quot;,&quot;right&quot;:&quot;&quot;,&quot;bottom&quot;:&quot;&quot;,&quot;left&quot;:&quot;&quot;,&quot;isLinked&quot;:true},&quot;bullion_layout_padding_tablet&quot;:{&quot;unit&quot;:&quot;px&quot;,&quot;top&quot;:&quot;&quot;,&quot;right&quot;:&quot;&quot;,&quot;bottom&quot;:&quot;&quot;,&quot;left&quot;:&quot;&quot;,&quot;isLinked&quot;:true},&quot;bullion_layout_padding_mobile&quot;:{&quot;unit&quot;:&quot;px&quot;,&quot;top&quot;:&quot;&quot;,&quot;right&quot;:&quot;&quot;,&quot;bottom&quot;:&quot;&quot;,&quot;left&quot;:&quot;&quot;,&quot;isLinked&quot;:true}}\" data-widget_type=\"bullion_bullion_contact_us.default\">\n\t\t\t\t<div class=\"elementor-widget-container\">\n\t\t\t    \t<!-- contact-section -->\n    <section class=\"contact-section alternat-2 sec-pad centred\">\n        <div class=\"auto-container\">\n                        <div class=\"sec-title\">\n                <span class=\"sub-title\">\u03a6\u03cc\u03c1\u03bc\u03b1 \u0395\u03c0\u03b9\u03ba\u03bf\u03b9\u03bd\u03c9\u03bd\u03af\u03b1\u03c2<\/span>                <h2><span>\u03c4\u03bf \u03bc\u03ae\u03bd\u03c5\u03bc\u03ac \u03c3\u03bf\u03c5<\/span> \u03a3\u03c4\u03b5\u03af\u03bb\u03c4\u03b5 \u03bc\u03b1\u03c2<\/h2>            <\/div>\n                                    <div id=\"contact-form\"> \n                \n<div class=\"wpcf7 no-js\" id=\"wpcf7-f467-o1\" lang=\"en-US\" dir=\"ltr\">\n<div class=\"screen-reader-response\"><p role=\"status\" aria-live=\"polite\" aria-atomic=\"true\"><\/p> <ul><\/ul><\/div>\n<form action=\"\/el\/wp-json\/wp\/v2\/pages\/55#wpcf7-f467-o1\" method=\"post\" class=\"wpcf7-form init\" aria-label=\"\u03a6\u03cc\u03c1\u03bc\u03b1 \u0395\u03c0\u03b9\u03ba\u03bf\u03b9\u03bd\u03c9\u03bd\u03af\u03b1\u03c2\" novalidate=\"novalidate\" data-status=\"init\" data-trp-original-action=\"\/el\/wp-json\/wp\/v2\/pages\/55#wpcf7-f467-o1\">\n<div style=\"display: none;\">\n<input type=\"hidden\" name=\"_wpcf7\" value=\"467\" \/>\n<input type=\"hidden\" name=\"_wpcf7_version\" value=\"5.8.2\" \/>\n<input type=\"hidden\" name=\"_wpcf7_locale\" value=\"en_US\" \/>\n<input type=\"hidden\" name=\"_wpcf7_unit_tag\" value=\"wpcf7-f467-o1\" \/>\n<input type=\"hidden\" name=\"_wpcf7_container_post\" value=\"0\" \/>\n<input type=\"hidden\" name=\"_wpcf7_posted_data_hash\" value=\"\" \/>\n<\/div>\n<div class=\"row clearfix\">\n\t<div class=\"col-lg-6 col-md-6 col-sm-12 left-column\">\n\t\t<div class=\"left-content\">\n\t\t\t<div class=\"form-group\">\n\t\t\t\t<p><span class=\"wpcf7-form-control-wrap\" data-name=\"text-718\"><input size=\"40\" class=\"wpcf7-form-control wpcf7-text wpcf7-validates-as-required\" aria-required=\"true\" aria-invalid=\"false\" placeholder=\"\u03a4\u03bf \u03cc\u03bd\u03bf\u03bc\u03b1 \u03c3\u03bf\u03c5\" value=\"\" type=\"text\" name=\"text-718\" \/><\/span>\n\t\t\t\t<\/p>\n\t\t\t<\/div>\n\t\t\t<div class=\"form-group\">\n\t\t\t\t<p><span class=\"wpcf7-form-control-wrap\" data-name=\"email-146\"><input size=\"40\" class=\"wpcf7-form-control wpcf7-email wpcf7-validates-as-required wpcf7-text wpcf7-validates-as-email\" aria-required=\"true\" aria-invalid=\"false\" placeholder=\"\u0394\u03b9\u03b5\u03cd\u03b8\u03c5\u03bd\u03c3\u03b7 \u03b7\u03bb\u03b5\u03ba\u03c4\u03c1\u03bf\u03bd\u03b9\u03ba\u03bf\u03cd \u03c4\u03b1\u03c7\u03c5\u03b4\u03c1\u03bf\u03bc\u03b5\u03af\u03bf\u03c5\" value=\"\" type=\"email\" name=\"email-146\" \/><\/span>\n\t\t\t\t<\/p>\n\t\t\t<\/div>\n\t\t\t<div class=\"form-group\">\n\t\t\t\t<p><span class=\"wpcf7-form-control-wrap\" data-name=\"text-719\"><input size=\"40\" class=\"wpcf7-form-control wpcf7-text wpcf7-validates-as-required\" aria-required=\"true\" aria-invalid=\"false\" placeholder=\"\u03a4\u03b7\u03bb\u03ad\u03c6\u03c9\u03bd\u03bf\" value=\"\" type=\"text\" name=\"text-719\" \/><\/span>\n\t\t\t\t<\/p>\n\t\t\t<\/div>\n\t\t\t<div class=\"form-group\">\n\t\t\t\t<p><span class=\"wpcf7-form-control-wrap\" data-name=\"text-720\"><input size=\"40\" class=\"wpcf7-form-control wpcf7-text wpcf7-validates-as-required\" aria-required=\"true\" aria-invalid=\"false\" placeholder=\"\u0398\u03ad\u03bc\u03b1\" value=\"\" type=\"text\" name=\"text-720\" \/><\/span>\n\t\t\t\t<\/p>\n\t\t\t<\/div>\n\t\t<\/div>\n\t<\/div>\n\t<div class=\"col-lg-6 col-md-6 col-sm-12 right-column\">\n\t\t<div class=\"right-content\">\n\t\t\t<div class=\"form-group\">\n\t\t\t\t<p><span class=\"wpcf7-form-control-wrap\" data-name=\"textarea-173\"><textarea cols=\"40\" rows=\"10\" class=\"wpcf7-form-control wpcf7-textarea wpcf7-validates-as-required\" aria-required=\"true\" aria-invalid=\"false\" placeholder=\"\u0393\u03c1\u03ac\u03c8\u03b5 \u03c4\u03bf \u03bc\u03ae\u03bd\u03c5\u03bc\u03ac \u03c3\u03bf\u03c5 \u03b5\u03b4\u03ce...\" name=\"textarea-173\"><\/textarea><\/span>\n\t\t\t\t<\/p>\n\t\t\t<\/div>\n\t\t<\/div>\n\t<\/div>\n<\/div>\n<div class=\"check-box\">\n\t<p><input class=\"check\" type=\"checkbox\" id=\"checkbox1\" \/><label for=\"checkbox1\">\u0391\u03c0\u03bf\u03b4\u03b5\u03c7\u03c4\u03b5\u03af\u03c4\u03b5 \u03c4\u03b9\u03c2 \u03c0\u03c1\u03bf\u03c3\u03b1\u03c1\u03bc\u03bf\u03c3\u03bc\u03ad\u03bd\u03b5\u03c2 \u03c0\u03bf\u03bb\u03b9\u03c4\u03b9\u03ba\u03ad\u03c2 \u03ba\u03b1\u03b9 \u03c0\u03c1\u03bf\u03cb\u03c0\u03bf\u03b8\u03ad\u03c3\u03b5\u03b9\u03c2 \u03bc\u03b1\u03c2.<\/label>\n\t<\/p>\n<\/div>\n<div class=\"message-btn\">\n\t<p><button type=\"submit\" class=\"theme-btn\" name=\"submit-form\"><span>\u03a3\u03c4\u03b5\u03af\u03bb\u03b5\u03c4\u03b5<\/span><\/button>\n\t<\/p>\n<\/div><div class=\"wpcf7-response-output\" aria-hidden=\"true\"><\/div>\n<input type=\"hidden\" name=\"trp-form-language\" value=\"el\"\/><\/form>\n<\/div>\n            <\/div>\n                    <\/div>\n    <\/section>\n    <!-- contact-section end -->\n    \n                     \n      \t\t<\/div>\n\t\t\t\t<\/div>\n\t\t\t\t<div class=\"elementor-element elementor-element-984967e elementor-widget elementor-widget-bullion_contact_info\" data-id=\"984967e\" data-element_type=\"widget\" data-settings=\"{&quot;bullion_layout_margin&quot;:{&quot;unit&quot;:&quot;px&quot;,&quot;top&quot;:&quot;&quot;,&quot;right&quot;:&quot;&quot;,&quot;bottom&quot;:&quot;&quot;,&quot;left&quot;:&quot;&quot;,&quot;isLinked&quot;:true},&quot;bullion_layout_margin_tablet&quot;:{&quot;unit&quot;:&quot;px&quot;,&quot;top&quot;:&quot;&quot;,&quot;right&quot;:&quot;&quot;,&quot;bottom&quot;:&quot;&quot;,&quot;left&quot;:&quot;&quot;,&quot;isLinked&quot;:true},&quot;bullion_layout_margin_mobile&quot;:{&quot;unit&quot;:&quot;px&quot;,&quot;top&quot;:&quot;&quot;,&quot;right&quot;:&quot;&quot;,&quot;bottom&quot;:&quot;&quot;,&quot;left&quot;:&quot;&quot;,&quot;isLinked&quot;:true},&quot;bullion_layout_padding&quot;:{&quot;unit&quot;:&quot;px&quot;,&quot;top&quot;:&quot;&quot;,&quot;right&quot;:&quot;&quot;,&quot;bottom&quot;:&quot;&quot;,&quot;left&quot;:&quot;&quot;,&quot;isLinked&quot;:true},&quot;bullion_layout_padding_tablet&quot;:{&quot;unit&quot;:&quot;px&quot;,&quot;top&quot;:&quot;&quot;,&quot;right&quot;:&quot;&quot;,&quot;bottom&quot;:&quot;&quot;,&quot;left&quot;:&quot;&quot;,&quot;isLinked&quot;:true},&quot;bullion_layout_padding_mobile&quot;:{&quot;unit&quot;:&quot;px&quot;,&quot;top&quot;:&quot;&quot;,&quot;right&quot;:&quot;&quot;,&quot;bottom&quot;:&quot;&quot;,&quot;left&quot;:&quot;&quot;,&quot;isLinked&quot;:true}}\" data-widget_type=\"bullion_contact_info.default\">\n\t\t\t\t<div class=\"elementor-widget-container\">\n\t\t\t    \n    <!-- contact-style-two -->\n    <section class=\"contact-style-two sec-pad\">\n        <div class=\"pattern-layer\"  style=\"background-image: url(https:\/\/uniprofinancial.com\/wp-content\/uploads\/2023\/03\/shape-49.png);\"><\/div>\n        <div class=\"auto-container\">\n            <div class=\"row clearfix\">\n                <div class=\"col-lg-8 col-md-12 col-sm-12 content-column\">\n                    <div class=\"content-box\">\n                                                <div class=\"sec-title\">\n                            <span class=\"sub-title\">\u03a7\u03c1\u03b5\u03b9\u03ac\u03b6\u03b5\u03c3\u03b1\u03b9 \u03b2\u03bf\u03ae\u03b8\u03b5\u03b9\u03b1?<\/span>                            <h2><br \/>\u0393\u03b9\u03b1 \u039a\u03b1\u03bb\u03cd\u03c4\u03b5\u03c1\u03b7 \u039b\u03cd\u03c3\u03b7 <span> \u0395\u03c0\u03b9\u03ba\u03bf\u03b9\u03bd\u03c9\u03bd\u03ae\u03c3\u03c4\u03b5 \u03bc\u03b1\u03b6\u03af \u03bc\u03b1\u03c2<\/span><\/h2>                            <p>\u0397 \u03bf\u03bc\u03ac\u03b4\u03b1 \u03b5\u03b9\u03b4\u03b9\u03ba\u03ce\u03bd \u03bc\u03b1\u03c2 \u03b5\u03af\u03bd\u03b1\u03b9 \u03ad\u03c4\u03bf\u03b9\u03bc\u03b7 24 \u03ce\u03c1\u03b5\u03c2 \u03c4\u03bf 24\u03c9\u03c1\u03bf, 7 \u03b7\u03bc\u03ad\u03c1\u03b5\u03c2 \u03c4\u03b7\u03bd \u03b5\u03b2\u03b4\u03bf\u03bc\u03ac\u03b4\u03b1, \u03b3\u03b9\u03b1 \u03bf\u03c0\u03bf\u03b9\u03b1\u03b4\u03ae\u03c0\u03bf\u03c4\u03b5 \u03b1\u03bd\u03b1\u03c4\u03c1\u03bf\u03c6\u03bf\u03b4\u03cc\u03c4\u03b7\u03c3\u03b7 \u03ba\u03b1\u03b9 \u03b1\u03af\u03c4\u03b7\u03bc\u03b1 \u03c5\u03c0\u03bf\u03c3\u03c4\u03ae\u03c1\u03b9\u03be\u03b7\u03c2 \u03b1\u03c0\u03cc \u03b5\u03c3\u03ac\u03c2.<\/p>                        <\/div>\n                                                <div class=\"row clearfix\">\n                                                        <div class=\"col-lg-6 col-md-6 col-sm-12 info-block\">\n                                <div class=\"info-block-one\">\n                                    <div class=\"inner-box\">\n                                                                                <div class=\"icon-box\"><img decoding=\"async\" src=\"https:\/\/uniprofinancial.com\/wp-content\/uploads\/2023\/03\/icon-84.png\" alt=\"Awesome Image\"><\/div>\n                                                                                <h4>\u0391\u03c6\u03ae\u03c3\u03c4\u03b5 \u03c4\u03bf\u03bd \u03b1\u03c1\u03b9\u03b8\u03bc\u03cc \u03c3\u03b1\u03c2<\/h4>\n                                        <p>\u039c\u03c0\u03bf\u03c1\u03b5\u03af\u03c4\u03b5 \u03bd\u03b1 \u03bc\u03b1\u03c2 \u03c3\u03c4\u03b5\u03af\u03bb\u03b5\u03c4\u03b5 \u03c4\u03bf\u03bd \u03b1\u03c1\u03b9\u03b8\u03bc\u03cc \u03c4\u03b7\u03bb\u03b5\u03c6\u03ce\u03bd\u03bf\u03c5 \u03c3\u03b1\u03c2, \u03ce\u03c3\u03c4\u03b5 \u03bd\u03b1 \u03b5\u03c0\u03b9\u03ba\u03bf\u03b9\u03bd\u03c9\u03bd\u03ae\u03c3\u03bf\u03c5\u03bc\u03b5 \u03bc\u03b1\u03b6\u03af \u03c3\u03b1\u03c2 \u03ba\u03b1\u03b9 \u03bd\u03b1 \u03c3\u03b1\u03c2 \u03c5\u03c0\u03bf\u03c3\u03c4\u03b7\u03c1\u03af\u03be\u03bf\u03c5\u03bc\u03b5 \u03c4\u03bf \u03c3\u03c5\u03bd\u03c4\u03bf\u03bc\u03cc\u03c4\u03b5\u03c1\u03bf \u03b4\u03c5\u03bd\u03b1\u03c4\u03cc.<\/p>\n                                                                                <div class=\"link-box\">\n                                            <a href=\"tel:https:\/\/wa.me\/905366458075?text=Sizinle%20Websitesi%20ileti%C5%9Fim%20sayfas%C4%B1%20%C3%BCzerinden%20ileti%C5%9Fime%20ge%C3%A7iyorum.%20Telefon%20numaram%C4%B1%20m%C3%BCsait%20oldu%C4%9Funuzda%20araman%C4%B1z%C4%B1%20istiyorum.\"><span>\u0391\u03c6\u03ae\u03c3\u03c4\u03b5 \u03c4\u03bf\u03bd \u03b1\u03c1\u03b9\u03b8\u03bc\u03cc \u03c3\u03b1\u03c2<\/span><\/a>\n                                        <\/div>\n                                                                            <\/div>\n                                <\/div>\n                            <\/div>\n                                                        <div class=\"col-lg-6 col-md-6 col-sm-12 info-block\">\n                                <div class=\"info-block-one\">\n                                    <div class=\"inner-box\">\n                                                                                <div class=\"icon-box\"><img decoding=\"async\" src=\"https:\/\/uniprofinancial.com\/wp-content\/uploads\/2023\/03\/icon-85.png\" alt=\"Awesome Image\"><\/div>\n                                                                                <h4>\u03a5\u03c0\u03bf\u03c3\u03c4\u03ae\u03c1\u03b9\u03be\u03b7 \u03b6\u03c9\u03bd\u03c4\u03b1\u03bd\u03ae\u03c2 \u03c3\u03c5\u03bd\u03bf\u03bc\u03b9\u03bb\u03af\u03b1\u03c2<\/h4>\n                                        <p>\u03b5\u03c0\u03b9\u03ba\u03bf\u03b9\u03bd\u03c9\u03bd\u03ae\u03c3\u03c4\u03b5 \u03bc\u03b1\u03b6\u03af \u03bc\u03b1\u03c2<\/p>\n                                                                                <div class=\"link-box\">\n                                            <a href=\"mailto:https:\/\/shortlink.run\/UniPro-yardimmerkezi\"><span>\u039e\u03b5\u03ba\u03b9\u03bd\u03ae\u03c3\u03c4\u03b5 \u03c4\u03b7 \u03c3\u03c5\u03bd\u03bf\u03bc\u03b9\u03bb\u03af\u03b1<\/span><\/a>\n                                        <\/div>\n                                                                            <\/div>\n                                <\/div>\n                            <\/div>\n                                                    <\/div>\n                    <\/div>\n                <\/div>\n                <div class=\"col-lg-4 col-md-12 col-sm-12 inner-column\">\n                    <div class=\"inner-content\">\n                        <h3>\u03a3\u03c4\u03bf\u03b9\u03c7\u03b5\u03af\u03b1 \u03b5\u03c0\u03b9\u03ba\u03bf\u03b9\u03bd\u03c9\u03bd\u03af\u03b1\u03c2<\/h3>                        <ul class=\"info-list clearfix\">\n                                                        <li>\n                            \t                                <div class=\"icon-box\"><img decoding=\"async\" src=\"https:\/\/uniprofinancial.com\/wp-content\/uploads\/2023\/03\/icon-86.png\" alt=\"Awesome Image\"><\/div>\n                                                                                                <p>FSM MAHALLESI POL\u0130GON CADDES\u0130 NO 8A BUYAKA 2 UMRAN\u0130YE \u0130STANBUL<\/p>\n                                                            <\/li>\n                                                        <li>\n                            \t                                <div class=\"icon-box\"><img decoding=\"async\" src=\"https:\/\/uniprofinancial.com\/wp-content\/uploads\/2023\/03\/icon-87.png\" alt=\"Awesome Image\"><\/div>\n                                                                                                <p><a href=\"tel:+90 0216 995 0982\">+90 0216 995 0982<\/a><\/p>\n                                                            <\/li>\n                                                        <li>\n                            \t                                <div class=\"icon-box\"><img decoding=\"async\" src=\"https:\/\/uniprofinancial.com\/wp-content\/uploads\/2023\/03\/icon-88.png\" alt=\"Awesome Image\"><\/div>\n                                                                                                <p><a href=\"mailto:info@uniprofinancial.com\">info@uniprofinancial.com<\/a><\/p>\n                                                            <\/li>\n                                                    <\/ul>\n                        <ul class=\"social-links clearfix\">\n                                                        <li><a href=\"https:\/\/shortlink.run\/UniPro-FB\"><i class=\"fab fa-facebook\"><\/i><\/a><\/li>\n                                                        <li><a href=\"https:\/\/shortlink.run\/UniPro-TW\"><i class=\"fab fa-twitter-square\"><\/i><\/a><\/li>\n                                                        <li><a href=\"https:\/\/shortlink.run\/UniPro-INSTA\"><i class=\"fab fa-instagram\"><\/i><\/a><\/li>\n                                                    <\/ul>\n                                                <div class=\"btn-box\">\n                            <a href=\"#\" target=\"_blank\" class=\"theme-btn btn-two\"><span>Google Map<\/span><\/a>\n                        <\/div>\n                                            <\/div>\n                <\/div>\n            <\/div>\n        <\/div>\n    <\/section>\n    <!-- contact-style-two end -->       \n             \n        \t\t<\/div>\n\t\t\t\t<\/div>\n\t\t\t\t\t<\/div>\n\t\t<\/div>\n\t\t\t\t\t\t\t<\/div>\n\t\t<\/section>\n\t\t\t\t\t\t\t<\/div>","protected":false},"excerpt":{"rendered":"<p>\u03a6\u03cc\u03c1\u03bc\u03b1 \u0395\u03c0\u03b9\u03ba\u03bf\u03b9\u03bd\u03c9\u03bd\u03af\u03b1\u03c2 \u03a3\u03c4\u03b5\u03af\u03bb\u03c4\u03b5 \u03bc\u03b1\u03c2 \u03c4\u03bf \u03bc\u03ae\u03bd\u03c5\u03bc\u03ac \u03c3\u03b1\u03c2 \u0391\u03c0\u03bf\u03b4\u03b5\u03c7\u03c4\u03b5\u03af\u03c4\u03b5 \u03c4\u03b9\u03c2 \u03c3\u03c5\u03b3\u03ba\u03b5\u03ba\u03c1\u03b9\u03bc\u03ad\u03bd\u03b5\u03c2 \u03c0\u03bf\u03bb\u03b9\u03c4\u03b9\u03ba\u03ad\u03c2 \u03ba\u03b1\u03b9 \u03c4\u03bf\u03c5\u03c2 \u038c\u03c1\u03bf\u03c5\u03c2 \u03bc\u03b1\u03c2. \u03a5\u03c0\u03bf\u03b2\u03bf\u03bb\u03ae \u03a7\u03c1\u03b5\u03b9\u03ac\u03b6\u03b5\u03c3\u03c4\u03b5 \u03b2\u03bf\u03ae\u03b8\u03b5\u03b9\u03b1; \u0395\u03c0\u03b9\u03ba\u03bf\u03b9\u03bd\u03c9\u03bd\u03ae\u03c3\u03c4\u03b5 \u03bc\u03b1\u03b6\u03af \u03bc\u03b1\u03c2 \u03b3\u03b9\u03b1 \u03ba\u03b1\u03bb\u03cd\u03c4\u03b5\u03c1\u03b7 \u03bb\u03cd\u03c3\u03b7 \u0397 \u03bf\u03bc\u03ac\u03b4\u03b1 \u03c4\u03c9\u03bd \u03b5\u03b9\u03b4\u03b9\u03ba\u03ce\u03bd \u03bc\u03b1\u03c2 \u03b5\u03af\u03bd\u03b1\u03b9 \u03ad\u03c4\u03bf\u03b9\u03bc\u03b7 24\/7 \u03b3\u03b9\u03b1 \u03bf\u03c0\u03bf\u03b9\u03b1\u03b4\u03ae\u03c0\u03bf\u03c4\u03b5 \u03c3\u03c7\u03cc\u03bb\u03b9\u03b1 \u03ba\u03b1\u03b9 \u03b1\u03b9\u03c4\u03ae\u03bc\u03b1\u03c4\u03b1 \u03c5\u03c0\u03bf\u03c3\u03c4\u03ae\u03c1\u03b9\u03be\u03b7\u03c2 \u03c0\u03bf\u03c5 \u03bc\u03c0\u03bf\u03c1\u03b5\u03af \u03bd\u03b1 \u03bb\u03ac\u03b2\u03b5\u03c4\u03b5. \u0391\u03c6\u03ae\u03c3\u03c4\u03b5 \u03c4\u03bf\u03bd \u03b1\u03c1\u03b9\u03b8\u03bc\u03cc \u03c3\u03b1\u03c2 \u039c\u03c0\u03bf\u03c1\u03b5\u03af\u03c4\u03b5 \u03bd\u03b1 \u03bc\u03b1\u03c2 \u03c3\u03c4\u03b5\u03af\u03bb\u03b5\u03c4\u03b5 \u03c4\u03bf\u03bd \u03b1\u03c1\u03b9\u03b8\u03bc\u03cc \u03c4\u03b7\u03bb\u03b5\u03c6\u03ce\u03bd\u03bf\u03c5 \u03c3\u03b1\u03c2, \u03ce\u03c3\u03c4\u03b5 \u03bd\u03b1 \u03b5\u03c0\u03b9\u03ba\u03bf\u03b9\u03bd\u03c9\u03bd\u03ae\u03c3\u03bf\u03c5\u03bc\u03b5 \u03bc\u03b1\u03b6\u03af \u03c3\u03b1\u03c2 \u03ba\u03b1\u03b9 \u03bd\u03b1 \u03c3\u03b1\u03c2 \u03c5\u03c0\u03bf\u03c3\u03c4\u03b7\u03c1\u03af\u03be\u03bf\u03c5\u03bc\u03b5 \u03c4\u03bf \u03c3\u03c5\u03bd\u03c4\u03bf\u03bc\u03cc\u03c4\u03b5\u03c1\u03bf \u03b4\u03c5\u03bd\u03b1\u03c4\u03cc. \u0391\u03c6\u03ae\u03c3\u03c4\u03b5 \u03c4\u03bf\u03bd \u03b1\u03c1\u03b9\u03b8\u03bc\u03cc \u03c3\u03b1\u03c2 [\u2026]<\/p>","protected":false},"author":1,"featured_media":0,"parent":0,"menu_order":0,"comment_status":"closed","ping_status":"closed","template":"tpl-default-elementor.php","meta":{"footnotes":""},"class_list":["post-55","page","type-page","status-publish","hentry"],"_links":{"self":[{"href":"https:\/\/uniprofinancial.com\/el\/wp-json\/wp\/v2\/pages\/55","targetHints":{"allow":["GET"]}}],"collection":[{"href":"https:\/\/uniprofinancial.com\/el\/wp-json\/wp\/v2\/pages"}],"about":[{"href":"https:\/\/uniprofinancial.com\/el\/wp-json\/wp\/v2\/types\/page"}],"author":[{"embeddable":true,"href":"https:\/\/uniprofinancial.com\/el\/wp-json\/wp\/v2\/users\/1"}],"replies":[{"embeddable":true,"href":"https:\/\/uniprofinancial.com\/el\/wp-json\/wp\/v2\/comments?post=55"}],"version-history":[{"count":29,"href":"https:\/\/uniprofinancial.com\/el\/wp-json\/wp\/v2\/pages\/55\/revisions"}],"predecessor-version":[{"id":1489,"href":"https:\/\/uniprofinancial.com\/el\/wp-json\/wp\/v2\/pages\/55\/revisions\/1489"}],"wp:attachment":[{"href":"https:\/\/uniprofinancial.com\/el\/wp-json\/wp\/v2\/media?parent=55"}],"curies":[{"name":"wp","href":"https:\/\/api.w.org\/{rel}","templated":true}]}}