{"id":38,"date":"2023-03-14T08:31:32","date_gmt":"2023-03-14T08:31:32","guid":{"rendered":"https:\/\/jan.coderdemo.com\/newwp\/bullion\/?page_id=38"},"modified":"2024-03-15T04:00:16","modified_gmt":"2024-03-15T04:00:16","slug":"company","status":"publish","type":"page","link":"https:\/\/uniprofinancial.com\/el\/company\/","title":{"rendered":"\u03c3\u03c7\u03b5\u03c4\u03b9\u03ba\u03ac \u03bc\u03b5 \u03b5\u03bc\u03ac\u03c2"},"content":{"rendered":"<div data-elementor-type=\"wp-page\" data-elementor-id=\"38\" class=\"elementor elementor-38\">\n\t\t\t\t\t\t\t\t\t<section class=\"elementor-section elementor-top-section elementor-element elementor-element-66aa05c elementor-section-full_width elementor-section-height-default elementor-section-height-default\" data-id=\"66aa05c\" data-element_type=\"section\">\n\t\t\t\t\t\t<div class=\"elementor-container elementor-column-gap-default\">\n\t\t\t\t\t<div class=\"elementor-column elementor-col-100 elementor-top-column elementor-element elementor-element-da6be9d\" data-id=\"da6be9d\" data-element_type=\"column\">\n\t\t\t<div class=\"elementor-widget-wrap elementor-element-populated\">\n\t\t\t\t\t\t\t\t<div class=\"elementor-element elementor-element-495b9ea elementor-widget elementor-widget-bullion_bullion_statement_tabs\" data-id=\"495b9ea\" data-element_type=\"widget\" data-settings=\"{&quot;bullion_layout_margin&quot;:{&quot;unit&quot;:&quot;px&quot;,&quot;top&quot;:&quot;&quot;,&quot;right&quot;:&quot;&quot;,&quot;bottom&quot;:&quot;&quot;,&quot;left&quot;:&quot;&quot;,&quot;isLinked&quot;:true},&quot;bullion_layout_margin_tablet&quot;:{&quot;unit&quot;:&quot;px&quot;,&quot;top&quot;:&quot;&quot;,&quot;right&quot;:&quot;&quot;,&quot;bottom&quot;:&quot;&quot;,&quot;left&quot;:&quot;&quot;,&quot;isLinked&quot;:true},&quot;bullion_layout_margin_mobile&quot;:{&quot;unit&quot;:&quot;px&quot;,&quot;top&quot;:&quot;&quot;,&quot;right&quot;:&quot;&quot;,&quot;bottom&quot;:&quot;&quot;,&quot;left&quot;:&quot;&quot;,&quot;isLinked&quot;:true},&quot;bullion_layout_padding&quot;:{&quot;unit&quot;:&quot;px&quot;,&quot;top&quot;:&quot;&quot;,&quot;right&quot;:&quot;&quot;,&quot;bottom&quot;:&quot;&quot;,&quot;left&quot;:&quot;&quot;,&quot;isLinked&quot;:true},&quot;bullion_layout_padding_tablet&quot;:{&quot;unit&quot;:&quot;px&quot;,&quot;top&quot;:&quot;&quot;,&quot;right&quot;:&quot;&quot;,&quot;bottom&quot;:&quot;&quot;,&quot;left&quot;:&quot;&quot;,&quot;isLinked&quot;:true},&quot;bullion_layout_padding_mobile&quot;:{&quot;unit&quot;:&quot;px&quot;,&quot;top&quot;:&quot;&quot;,&quot;right&quot;:&quot;&quot;,&quot;bottom&quot;:&quot;&quot;,&quot;left&quot;:&quot;&quot;,&quot;isLinked&quot;:true}}\" data-widget_type=\"bullion_bullion_statement_tabs.default\">\n\t\t\t\t<div class=\"elementor-widget-container\">\n\t\t\t    \n    <!-- statements-section -->\n    <section class=\"statements-section\">\n        <div class=\"auto-container\">\n            <div class=\"tabs-box\">\n                <div class=\"tab-btn-box\">\n                    <ul class=\"tab-btns tab-buttons clearfix\">\n                                                <li class=\"tab-btn active-btn\" data-tab=\"#tab-1\">\n                            <span>\u03c3\u03c7\u03b5\u03c4\u03b9\u03ba\u03ac \u03bc\u03b5 \u03b5\u03bc\u03ac\u03c2<\/span>\n                                                        <div class=\"icon-box\"><img decoding=\"async\" src=\"https:\/\/uniprofinancial.com\/wp-content\/uploads\/2023\/03\/icon-71.png\" alt=\"Awesome Image\"><\/div>\n                                                    <\/li>\n                                                <li class=\"tab-btn\" data-tab=\"#tab-2\">\n                            <span>\u03a0\u03bf\u03b9\u03bf\u03b9 \u03b5\u03af\u03bc\u03b1\u03c3\u03c4\u03b5?<\/span>\n                                                        <div class=\"icon-box\"><img decoding=\"async\" src=\"https:\/\/uniprofinancial.com\/wp-content\/uploads\/2023\/03\/icon-71.png\" alt=\"Awesome Image\"><\/div>\n                                                    <\/li>\n                                            <\/ul>\n                <\/div>\n                <div class=\"tabs-content\">\n                                        <div class=\"tab active-tab\" id=\"tab-1\">\n                        <div class=\"inner-box\">\n                            <div class=\"content-box\">\n                                <div class=\"sec-title\">\n                                    <span class=\"sub-title\">UniPro Financial<\/span>\n                                    <h2>\u03c3\u03c7\u03b5\u03c4\u03b9\u03ba\u03ac \u03bc\u03b5 \u03b5\u03bc\u03ac\u03c2<\/h2>\n                                <\/div>\n                                <p>\u0397 UniPro Financial \u03b5\u03af\u03bd\u03b1\u03b9 \u03bc\u03b9\u03b1 \u03c0\u03b1\u03b3\u03ba\u03cc\u03c3\u03bc\u03b9\u03b1 \u03b5\u03c0\u03b5\u03bd\u03b4\u03c5\u03c4\u03b9\u03ba\u03ae \u03b5\u03c4\u03b1\u03b9\u03c1\u03b5\u03af\u03b1 \u03c0\u03bf\u03c5 \u03be\u03b5\u03ba\u03af\u03bd\u03b7\u03c3\u03b5 \u03bd\u03b1 \u03b4\u03c1\u03b1\u03c3\u03c4\u03b7\u03c1\u03b9\u03bf\u03c0\u03bf\u03b9\u03b5\u03af\u03c4\u03b1\u03b9 \u03c3\u03c4\u03bf\u03bd \u03c4\u03bf\u03bc\u03ad\u03b1 \u03c4\u03c9\u03bd \u03b4\u03b9\u03b1\u03b4\u03b9\u03ba\u03c4\u03c5\u03b1\u03ba\u03ce\u03bd \u03c3\u03c5\u03bd\u03b1\u03bb\u03bb\u03b1\u03b3\u03ce\u03bd \u03c4\u03bf 2006. \u0397 UniPro Financial, \u03b7 \u03bf\u03c0\u03bf\u03af\u03b1 \u03c0\u03b1\u03c1\u03ad\u03c7\u03b5\u03b9 \u03b5\u03be\u03b5\u03b9\u03b4\u03b9\u03ba\u03b5\u03c5\u03bc\u03ad\u03bd\u03b5\u03c2 \u03c5\u03c0\u03b7\u03c1\u03b5\u03c3\u03af\u03b5\u03c2 \u03c3\u03b5 \u03c7\u03c1\u03b7\u03bc\u03b1\u03c4\u03b1\u03b3\u03bf\u03c1\u03ad\u03c2, \u03b5\u03c0\u03b5\u03bd\u03b4\u03cd\u03c3\u03b5\u03b9\u03c2, \u03c3\u03c5\u03bc\u03b2\u03bf\u03c5\u03bb\u03ad\u03c2 \u03ba\u03b1\u03b9 \u03c3\u03c5\u03bd\u03b1\u03bb\u03bb\u03b1\u03b3\u03ad\u03c2 \u03bc\u03b5 \u03bc\u03cc\u03c7\u03bb\u03b5\u03c5\u03c3\u03b7, \u03c0\u03c1\u03bf\u03c3\u03c6\u03ad\u03c1\u03b5\u03b9 \u03cc\u03bb\u03b1 \u03c4\u03b1 \u03c0\u03bb\u03b5\u03bf\u03bd\u03b5\u03ba\u03c4\u03ae\u03bc\u03b1\u03c4\u03b1 \u03c4\u03c9\u03bd \u03b5\u03c0\u03b5\u03bd\u03b4\u03c5\u03c4\u03b9\u03ba\u03ce\u03bd \u03b1\u03b3\u03bf\u03c1\u03ce\u03bd \u03c3\u03c4\u03bf\u03c5\u03c2 \u03b5\u03c0\u03b5\u03bd\u03b4\u03c5\u03c4\u03ad\u03c2 \u03c4\u03b7\u03c2 \u03bc\u03b5 \u03c4\u03b7 \u03b3\u03c1\u03ae\u03b3\u03bf\u03c1\u03b7 \u03c0\u03bb\u03b1\u03c4\u03c6\u03cc\u03c1\u03bc\u03b1 \u03ba\u03b1\u03b9 \u03c4\u03bf \u03b5\u03be\u03b5\u03b9\u03b4\u03b9\u03ba\u03b5\u03c5\u03bc\u03ad\u03bd\u03bf \u03c0\u03c1\u03bf\u03c3\u03c9\u03c0\u03b9\u03ba\u03cc \u03c4\u03b7\u03c2 \u03bc\u03b5 \u03c0\u03c1\u03cc\u03c3\u03b2\u03b1\u03c3\u03b7 24\/5. \u0397 UniPro Financial, \u03b7 \u03bf\u03c0\u03bf\u03af\u03b1 \u03c0\u03b1\u03c1\u03b1\u03ba\u03bf\u03bb\u03bf\u03c5\u03b8\u03b5\u03af \u03c3\u03c4\u03b5\u03bd\u03ac \u03c4\u03b7\u03bd \u03ba\u03b1\u03b9\u03bd\u03bf\u03c4\u03bf\u03bc\u03af\u03b1, \u03c8\u03b7\u03c6\u03b9\u03bf\u03c0\u03bf\u03b9\u03b5\u03af\u03c4\u03b1\u03b9 \u03b5\u03b4\u03ce \u03ba\u03b1\u03b9 \u03c0\u03bf\u03bb\u03cd \u03ba\u03b1\u03b9\u03c1\u03cc \u03ba\u03b1\u03b9 \u03b4\u03c1\u03b1\u03c3\u03c4\u03b7\u03c1\u03b9\u03bf\u03c0\u03bf\u03b9\u03b5\u03af\u03c4\u03b1\u03b9 \u03c3\u03b5 \u03b4\u03b9\u03b1\u03b4\u03b9\u03ba\u03c4\u03c5\u03b1\u03ba\u03ad\u03c2 \u03b1\u03b3\u03bf\u03c1\u03ad\u03c2, \u03c0\u03c1\u03bf\u03c3\u03c6\u03ad\u03c1\u03b5\u03b9 \u03c0\u03ac\u03bd\u03c4\u03b1 \u03b1\u03be\u03b9\u03bf\u03c0\u03b9\u03c3\u03c4\u03af\u03b1 \u03ba\u03b1\u03b9 \u03c5\u03c0\u03b7\u03c1\u03b5\u03c3\u03af\u03b5\u03c2 \u03c0\u03c1\u03bf\u03c3\u03b1\u03bd\u03b1\u03c4\u03bf\u03bb\u03b9\u03c3\u03bc\u03ad\u03bd\u03b5\u03c2 \u03c3\u03c4\u03b7 \u03bb\u03cd\u03c3\u03b7 \u03c3\u03c4\u03bf\u03c5\u03c2 \u03b5\u03c0\u03b5\u03bd\u03b4\u03c5\u03c4\u03ad\u03c2 \u03c4\u03b7\u03c2. \u0391\u03c0\u03bf\u03b4\u03b5\u03c7\u03cc\u03bc\u03b5\u03bd\u03b7 \u03b5\u03c0\u03b5\u03bd\u03b4\u03c5\u03c4\u03ad\u03c2 \u03b1\u03c0\u03cc 42 \u03c7\u03ce\u03c1\u03b5\u03c2 \u03c3\u03b5 \u03cc\u03bb\u03bf \u03c4\u03bf\u03bd \u03ba\u03cc\u03c3\u03bc\u03bf, \u03b7 UniPro Financial \u03b5\u03bb\u03ad\u03b3\u03c7\u03b5\u03c4\u03b1\u03b9 \u03ba\u03b1\u03b9 \u03c0\u03b1\u03c1\u03ad\u03c7\u03b5\u03b9 \u03c5\u03c0\u03b7\u03c1\u03b5\u03c3\u03af\u03b5\u03c2 \u03bc\u03b5 \u0386\u03b4\u03b5\u03b9\u03b5\u03c2 ASIC \u03ba\u03b1\u03b9 FCA.<\/p>\n                                \t\t\t\t\t\t\t\t<ul class=\"list-style-one clearfix\">\n\t\t\t\t\t\t\t\t\t\t\t\t\t\t\t\t\t\t   <li>\u0386\u03b4\u03b5\u03b9\u03b1 ASIC<\/li>\n\t\t\t\t\t\t\t\t\t\t\t\t\t\t\t\t\t\t   <li>\u0386\u03b4\u03b5\u03b9\u03b1 FCA<\/li>\n\t\t\t\t\t\t\t\t\t\t\t\t\t\t\t\t\t<\/ul>\n\t\t\t\t\t\t\t\t                                <div class=\"link-box\">\n                                                                        <div class=\"icon-box\"><img decoding=\"async\" src=\"https:\/\/uniprofinancial.com\/wp-content\/uploads\/2023\/03\/icon-74.png\" alt=\"Awesome Image\"><\/div>\n                                                                        <a href=\"https:\/\/shortlink.run\/UniPro-yardimmerkezi\"><span>\u0395\u03c0\u03b9\u03ba\u03bf\u03b9\u03bd\u03c9\u03bd\u03ae\u03c3\u03c4\u03b5 \u03bc\u03b1\u03b6\u03af \u03bc\u03b1\u03c2<\/span><\/a>\n                                <\/div>\n                            <\/div>\n                                                        <figure class=\"image-box\"><img decoding=\"async\" src=\"https:\/\/uniprofinancial.com\/wp-content\/uploads\/2023\/03\/about-3.jpg\" alt=\"Awesome Image\"><\/figure>\n                        \t                        <\/div>\n                    <\/div>\n                                        <div class=\"tab\" id=\"tab-2\">\n                        <div class=\"inner-box\">\n                            <div class=\"content-box\">\n                                <div class=\"sec-title\">\n                                    <span class=\"sub-title\">UniPro Financial<\/span>\n                                    <h2>\u03a0\u03bf\u03b9\u03bf\u03b9 \u03b5\u03af\u03bc\u03b1\u03c3\u03c4\u03b5?<\/h2>\n                                <\/div>\n                                <p>\u03a9\u03c2 \u03b5\u03bb\u03b5\u03b3\u03c7\u03cc\u03bc\u03b5\u03bd\u03b7 \u03b5\u03c0\u03b5\u03bd\u03b4\u03c5\u03c4\u03b9\u03ba\u03ae \u03b5\u03c4\u03b1\u03b9\u03c1\u03b5\u03af\u03b1, \u03b7 UniPro Financial \u03b5\u03af\u03bd\u03b1\u03b9 \u03c3\u03c5\u03bd\u03b4\u03b5\u03b4\u03b5\u03bc\u03ad\u03bd\u03b7 \u03bc\u03b5 \u03c7\u03c1\u03b7\u03bc\u03b1\u03c4\u03bf\u03bf\u03b9\u03ba\u03bf\u03bd\u03bf\u03bc\u03b9\u03ba\u03ad\u03c2 \u03b5\u03c0\u03bf\u03c0\u03c4\u03b9\u03ba\u03ad\u03c2 \u03b1\u03c1\u03c7\u03ad\u03c2 \u03bc\u03b5 \u03c4\u03b7\u03bd \u03ad\u03b4\u03c1\u03b1 \u03c4\u03b7\u03c2 \u03c3\u03c4\u03bf \u0397\u03bd\u03c9\u03bc\u03ad\u03bd\u03bf \u0392\u03b1\u03c3\u03af\u03bb\u03b5\u03b9\u03bf \u03ba\u03b1\u03b9 \u03c0\u03c1\u03cc\u03c3\u03b8\u03b5\u03c4\u03b1 \u03b3\u03c1\u03b1\u03c6\u03b5\u03af\u03b1 \u03c3\u03c4\u03b7\u03bd \u0391\u03c5\u03c3\u03c4\u03c1\u03b1\u03bb\u03af\u03b1. \u0393\u03b9&#039; \u03b1\u03c5\u03c4\u03cc \u03bb\u03b5\u03b9\u03c4\u03bf\u03c5\u03c1\u03b3\u03bf\u03cd\u03bc\u03b5 \u03bc\u03b5 \u03b1\u03c5\u03c3\u03c4\u03b7\u03c1\u03ac \u03c0\u03c1\u03cc\u03c4\u03c5\u03c0\u03b1 \u03c3\u03c5\u03bc\u03bc\u03cc\u03c1\u03c6\u03c9\u03c3\u03b7\u03c2 \u03c3\u03c7\u03b5\u03c4\u03b9\u03ba\u03ac \u03bc\u03b5 \u03c4\u03b7 \u03b4\u03b9\u03b1\u03c7\u03b5\u03af\u03c1\u03b9\u03c3\u03b7 \u03c4\u03c9\u03bd \u03ba\u03b5\u03c6\u03b1\u03bb\u03b1\u03af\u03c9\u03bd \u03c0\u03b5\u03bb\u03b1\u03c4\u03ce\u03bd, \u03c4\u03b7\u03bd \u03b1\u03c3\u03c6\u03ac\u03bb\u03b5\u03b9\u03b1 \u03ba\u03b1\u03b9 \u03c4\u03b7\u03bd \u03bf\u03b9\u03ba\u03bf\u03bd\u03bf\u03bc\u03b9\u03ba\u03ae \u03b1\u03bd\u03b1\u03c6\u03bf\u03c1\u03ac. \u0391\u03c0\u03cc \u03c4\u03b7\u03bd \u03af\u03b4\u03c1\u03c5\u03c3\u03ae \u03bc\u03b1\u03c2, \u03b7 UniPro Financial \u03b5\u03c0\u03b5\u03ba\u03c4\u03ac\u03b8\u03b7\u03ba\u03b5 \u03bc\u03b5 \u03b5\u03c0\u03b9\u03c4\u03c5\u03c7\u03af\u03b1 \u03ba\u03b1\u03b9 \u03c3\u03c5\u03bd\u03b5\u03c7\u03af\u03b6\u03b5\u03b9 \u03bd\u03b1 \u03b1\u03bd\u03b1\u03c0\u03c4\u03cd\u03c3\u03c3\u03b5\u03c4\u03b1\u03b9, \u03b5\u03be\u03c5\u03c0\u03b7\u03c1\u03b5\u03c4\u03ce\u03bd\u03c4\u03b1\u03c2 \u03b9\u03b4\u03b9\u03ce\u03c4\u03b5\u03c2 \u03ba\u03b1\u03b9 \u03b5\u03c4\u03b1\u03b9\u03c1\u03b9\u03ba\u03bf\u03cd\u03c2 \u03c0\u03b5\u03bb\u03ac\u03c4\u03b5\u03c2 \u03c3\u03b5 \u03c0\u03b5\u03c1\u03b9\u03c3\u03c3\u03cc\u03c4\u03b5\u03c1\u03b5\u03c2 \u03b1\u03c0\u03cc 42 \u03c7\u03ce\u03c1\u03b5\u03c2. \u03a9\u03c2 UniPro Financial, \u03ad\u03bd\u03b1\u03c2 \u03b1\u03c0\u03cc \u03c4\u03bf\u03c5\u03c2 \u03c0\u03b1\u03b3\u03ba\u03cc\u03c3\u03bc\u03b9\u03bf\u03c5\u03c2 \u03b7\u03b3\u03ad\u03c4\u03b5\u03c2, \u03c0\u03b1\u03c1\u03ad\u03c7\u03bf\u03c5\u03bc\u03b5 \u03c0\u03bf\u03b9\u03bf\u03c4\u03b9\u03ba\u03ad\u03c2 \u03ba\u03b1\u03b9 \u03b1\u03be\u03b9\u03cc\u03c0\u03b9\u03c3\u03c4\u03b5\u03c2 \u03c5\u03c0\u03b7\u03c1\u03b5\u03c3\u03af\u03b5\u03c2 \u03c3\u03c4\u03bf\u03c5\u03c2 \u03b1\u03be\u03b9\u03cc\u03c4\u03b9\u03bc\u03bf\u03c5\u03c2 \u03b5\u03c0\u03b5\u03bd\u03b4\u03c5\u03c4\u03ad\u03c2 \u03bc\u03b1\u03c2 \u03c3\u03c4\u03b7\u03bd \u03c4\u03bf\u03c5\u03c1\u03ba\u03b9\u03ba\u03ae \u03b1\u03b3\u03bf\u03c1\u03ac \u03ba\u03b1\u03b8\u03ce\u03c2 \u03ba\u03b1\u03b9 \u03c3\u03c4\u03bf \u03b5\u03be\u03c9\u03c4\u03b5\u03c1\u03b9\u03ba\u03cc. \u0397 UniPro Financial \u03b5\u03af\u03bd\u03b1\u03b9 \u03b5\u03c0\u03af\u03c3\u03b7\u03c2 \u03ad\u03bd\u03b1\u03c2 \u03b2\u03c1\u03b1\u03b2\u03b5\u03c5\u03bc\u03ad\u03bd\u03bf\u03c2 \u03bc\u03b5\u03c3\u03af\u03c4\u03b7\u03c2 \u03c3\u03c5\u03bd\u03b1\u03bb\u03bb\u03ac\u03b3\u03bc\u03b1\u03c4\u03bf\u03c2 \u03ba\u03b1\u03b9 \u03b5\u03bc\u03c0\u03bf\u03c1\u03b5\u03c5\u03bc\u03ac\u03c4\u03c9\u03bd \u03c0\u03bf\u03c5 \u03c0\u03b1\u03c1\u03ad\u03c7\u03b5\u03b9 \u03c5\u03c0\u03b7\u03c1\u03b5\u03c3\u03af\u03b5\u03c2 \u03ba\u03b1\u03b9 \u03b4\u03b9\u03b5\u03c5\u03ba\u03bf\u03bb\u03cd\u03bd\u03c3\u03b5\u03b9\u03c2 \u03c3\u03c5\u03bd\u03b1\u03bb\u03bb\u03b1\u03b3\u03ce\u03bd \u03c4\u03cc\u03c3\u03bf \u03c3\u03b5 \u03b9\u03b4\u03b9\u03ce\u03c4\u03b5\u03c2 \u03cc\u03c3\u03bf \u03ba\u03b1\u03b9 \u03c3\u03b5 \u03b8\u03b5\u03c3\u03bc\u03b9\u03ba\u03bf\u03cd\u03c2 \u03c0\u03b5\u03bb\u03ac\u03c4\u03b5\u03c2. \u0388\u03c7\u03b5\u03b9 \u03c4\u03bf\u03c0\u03bf\u03b8\u03b5\u03c4\u03b7\u03b8\u03b5\u03af \u03c9\u03c2 \u03bf \u03b4\u03b9\u03b1\u03bc\u03b5\u03c3\u03bf\u03bb\u03b1\u03b2\u03b7\u03c4\u03ae\u03c2 \u03c3\u03c5\u03bd\u03b1\u03bb\u03bb\u03ac\u03b3\u03bc\u03b1\u03c4\u03bf\u03c2 \u03c4\u03b7\u03c2 \u03b5\u03c0\u03b9\u03bb\u03bf\u03b3\u03ae\u03c2 \u03b3\u03b9\u03b1 \u03c4\u03bf\u03c5\u03c2 \u03b5\u03c0\u03b5\u03bd\u03b4\u03c5\u03c4\u03ad\u03c2 \u03c0\u03b1\u03b3\u03ba\u03bf\u03c3\u03bc\u03af\u03c9\u03c2, \u03c7\u03ac\u03c1\u03b7 \u03c3\u03c4\u03b7\u03bd \u03c0\u03bf\u03bb\u03b9\u03c4\u03b9\u03ba\u03ae \u03c4\u03b7\u03c2 \u03bd\u03b1 \u03c0\u03b1\u03c1\u03ad\u03c7\u03b5\u03b9 \u03c3\u03c4\u03bf\u03c5\u03c2 \u03c0\u03b5\u03bb\u03ac\u03c4\u03b5\u03c2 \u03c4\u03b7\u03c2 \u03c4\u03b9\u03c2 \u03ba\u03b1\u03bb\u03cd\u03c4\u03b5\u03c1\u03b5\u03c2 \u03b4\u03c5\u03bd\u03b1\u03c4\u03ad\u03c2 \u03c3\u03c5\u03bd\u03b8\u03ae\u03ba\u03b5\u03c2 \u03c3\u03c5\u03bd\u03b1\u03bb\u03bb\u03b1\u03b3\u03ce\u03bd \u03ba\u03b1\u03b9 \u03c4\u03b7\u03bd \u03b1\u03c0\u03b5\u03c1\u03b9\u03cc\u03c1\u03b9\u03c3\u03c4\u03b7 \u03c0\u03c1\u03cc\u03c3\u03b2\u03b1\u03c3\u03b7 \u03c3\u03c4\u03b7 \u03c1\u03b5\u03c5\u03c3\u03c4\u03cc\u03c4\u03b7\u03c4\u03b1 \u03c4\u03c9\u03bd \u03b5\u03bc\u03c0\u03cc\u03c1\u03c9\u03bd \u03ba\u03b1\u03b9 \u03c4\u03bf\u03c5\u03c2 \u03b5\u03bc\u03c0\u03cc\u03c1\u03bf\u03c5\u03c2 \u03c0\u03bf\u03c5 \u03bb\u03b1\u03bc\u03b2\u03ac\u03bd\u03bf\u03c5\u03bd \u03c5\u03c0\u03b7\u03c1\u03b5\u03c3\u03af\u03b5\u03c2 \u03b1\u03c0\u03cc \u03b5\u03b9\u03b4\u03b9\u03ba\u03bf\u03cd\u03c2 \u03c3\u03c5\u03bc\u03b2\u03bf\u03cd\u03bb\u03bf\u03c5\u03c2.<\/p>\n                                                                <div class=\"link-box\">\n                                                                        <div class=\"icon-box\"><img decoding=\"async\" src=\"https:\/\/uniprofinancial.com\/wp-content\/uploads\/2023\/03\/icon-74.png\" alt=\"Awesome Image\"><\/div>\n                                                                        <a href=\"https:\/\/shortlink.run\/UniPro-yardimmerkezi\"><span>\u0395\u03c0\u03b9\u03ba\u03bf\u03b9\u03bd\u03c9\u03bd\u03ae\u03c3\u03c4\u03b5 \u03bc\u03b1\u03b6\u03af \u03bc\u03b1\u03c2<\/span><\/a>\n                                <\/div>\n                            <\/div>\n                                                        <figure class=\"image-box\"><img decoding=\"async\" src=\"https:\/\/uniprofinancial.com\/wp-content\/uploads\/2023\/03\/tab-2.png\" alt=\"Awesome Image\"><\/figure>\n                        \t                        <\/div>\n                    <\/div>\n                                    <\/div>\n            <\/div>\n        <\/div>\n    <\/section>\n    <!-- statements-section end -->      \n             \n        \t\t<\/div>\n\t\t\t\t<\/div>\n\t\t\t\t\t<\/div>\n\t\t<\/div>\n\t\t\t\t\t\t\t<\/div>\n\t\t<\/section>\n\t\t\t\t\t\t\t<\/div>","protected":false},"excerpt":{"rendered":"<p>Hakk\u0131m\u0131zda Biz Kimiz? UniPro Financial Hakk\u0131m\u0131zda UniPro Financial, 2006 y\u0131l\u0131 itibariyle online trade alan\u0131nda i\u015flem yapmaya ba\u015flayan d\u00fcnya \u00e7ap\u0131nda bir yat\u0131r\u0131m \u015firketidir. Para piyasalar\u0131nda, yat\u0131r\u0131m, dan\u0131\u015fmanl\u0131k ve kald\u0131ra\u00e7l\u0131 i\u015flemler konusunda uzman hizmet veren UniPro Financial, yat\u0131r\u0131m piyasalar\u0131n\u0131n b\u00fct\u00fcn avantajlar\u0131n\u0131 yat\u0131r\u0131mc\u0131lar\u0131na, 5 g\u00fcn 24 saat eri\u015fimi bulunan h\u0131zl\u0131 platformu ve uzman kadrosu ile sunmaktad\u0131r. Yenili\u011fi yak\u0131n [&hellip;]<\/p>","protected":false},"author":1,"featured_media":0,"parent":0,"menu_order":0,"comment_status":"closed","ping_status":"closed","template":"tpl-default-elementor.php","meta":{"footnotes":""},"class_list":["post-38","page","type-page","status-publish","hentry"],"_links":{"self":[{"href":"https:\/\/uniprofinancial.com\/el\/wp-json\/wp\/v2\/pages\/38","targetHints":{"allow":["GET"]}}],"collection":[{"href":"https:\/\/uniprofinancial.com\/el\/wp-json\/wp\/v2\/pages"}],"about":[{"href":"https:\/\/uniprofinancial.com\/el\/wp-json\/wp\/v2\/types\/page"}],"author":[{"embeddable":true,"href":"https:\/\/uniprofinancial.com\/el\/wp-json\/wp\/v2\/users\/1"}],"replies":[{"embeddable":true,"href":"https:\/\/uniprofinancial.com\/el\/wp-json\/wp\/v2\/comments?post=38"}],"version-history":[{"count":23,"href":"https:\/\/uniprofinancial.com\/el\/wp-json\/wp\/v2\/pages\/38\/revisions"}],"predecessor-version":[{"id":1410,"href":"https:\/\/uniprofinancial.com\/el\/wp-json\/wp\/v2\/pages\/38\/revisions\/1410"}],"wp:attachment":[{"href":"https:\/\/uniprofinancial.com\/el\/wp-json\/wp\/v2\/media?parent=38"}],"curies":[{"name":"wp","href":"https:\/\/api.w.org\/{rel}","templated":true}]}}