{"id":38,"date":"2023-03-14T08:31:32","date_gmt":"2023-03-14T08:31:32","guid":{"rendered":"https:\/\/jan.coderdemo.com\/newwp\/bullion\/?page_id=38"},"modified":"2024-03-15T04:00:16","modified_gmt":"2024-03-15T04:00:16","slug":"company","status":"publish","type":"page","link":"https:\/\/uniprofinancial.com\/ar\/company\/","title":{"rendered":"\u0645\u0639\u0644\u0648\u0645\u0627\u062a \u0639\u0646\u0627"},"content":{"rendered":"<div data-elementor-type=\"wp-page\" data-elementor-id=\"38\" class=\"elementor elementor-38\">\n\t\t\t\t\t\t\t\t\t<section class=\"elementor-section elementor-top-section elementor-element elementor-element-66aa05c elementor-section-full_width elementor-section-height-default elementor-section-height-default\" data-id=\"66aa05c\" data-element_type=\"section\">\n\t\t\t\t\t\t<div class=\"elementor-container elementor-column-gap-default\">\n\t\t\t\t\t<div class=\"elementor-column elementor-col-100 elementor-top-column elementor-element elementor-element-da6be9d\" data-id=\"da6be9d\" data-element_type=\"column\">\n\t\t\t<div class=\"elementor-widget-wrap elementor-element-populated\">\n\t\t\t\t\t\t\t\t<div class=\"elementor-element elementor-element-495b9ea elementor-widget elementor-widget-bullion_bullion_statement_tabs\" data-id=\"495b9ea\" data-element_type=\"widget\" data-settings=\"{&quot;bullion_layout_margin&quot;:{&quot;unit&quot;:&quot;px&quot;,&quot;top&quot;:&quot;&quot;,&quot;right&quot;:&quot;&quot;,&quot;bottom&quot;:&quot;&quot;,&quot;left&quot;:&quot;&quot;,&quot;isLinked&quot;:true},&quot;bullion_layout_margin_tablet&quot;:{&quot;unit&quot;:&quot;px&quot;,&quot;top&quot;:&quot;&quot;,&quot;right&quot;:&quot;&quot;,&quot;bottom&quot;:&quot;&quot;,&quot;left&quot;:&quot;&quot;,&quot;isLinked&quot;:true},&quot;bullion_layout_margin_mobile&quot;:{&quot;unit&quot;:&quot;px&quot;,&quot;top&quot;:&quot;&quot;,&quot;right&quot;:&quot;&quot;,&quot;bottom&quot;:&quot;&quot;,&quot;left&quot;:&quot;&quot;,&quot;isLinked&quot;:true},&quot;bullion_layout_padding&quot;:{&quot;unit&quot;:&quot;px&quot;,&quot;top&quot;:&quot;&quot;,&quot;right&quot;:&quot;&quot;,&quot;bottom&quot;:&quot;&quot;,&quot;left&quot;:&quot;&quot;,&quot;isLinked&quot;:true},&quot;bullion_layout_padding_tablet&quot;:{&quot;unit&quot;:&quot;px&quot;,&quot;top&quot;:&quot;&quot;,&quot;right&quot;:&quot;&quot;,&quot;bottom&quot;:&quot;&quot;,&quot;left&quot;:&quot;&quot;,&quot;isLinked&quot;:true},&quot;bullion_layout_padding_mobile&quot;:{&quot;unit&quot;:&quot;px&quot;,&quot;top&quot;:&quot;&quot;,&quot;right&quot;:&quot;&quot;,&quot;bottom&quot;:&quot;&quot;,&quot;left&quot;:&quot;&quot;,&quot;isLinked&quot;:true}}\" data-widget_type=\"bullion_bullion_statement_tabs.default\">\n\t\t\t\t<div class=\"elementor-widget-container\">\n\t\t\t    \n    <!-- statements-section -->\n    <section class=\"statements-section\">\n        <div class=\"auto-container\">\n            <div class=\"tabs-box\">\n                <div class=\"tab-btn-box\">\n                    <ul class=\"tab-btns tab-buttons clearfix\">\n                                                <li class=\"tab-btn active-btn\" data-tab=\"#tab-1\">\n                            <span>\u0645\u0639\u0644\u0648\u0645\u0627\u062a \u0639\u0646\u0627<\/span>\n                                                        <div class=\"icon-box\"><img decoding=\"async\" src=\"https:\/\/uniprofinancial.com\/wp-content\/uploads\/2023\/03\/icon-71.png\" alt=\"Awesome Image\"><\/div>\n                                                    <\/li>\n                                                <li class=\"tab-btn\" data-tab=\"#tab-2\">\n                            <span>\u0645\u0646 \u0646\u062d\u0646\u061f<\/span>\n                                                        <div class=\"icon-box\"><img decoding=\"async\" src=\"https:\/\/uniprofinancial.com\/wp-content\/uploads\/2023\/03\/icon-71.png\" alt=\"Awesome Image\"><\/div>\n                                                    <\/li>\n                                            <\/ul>\n                <\/div>\n                <div class=\"tabs-content\">\n                                        <div class=\"tab active-tab\" id=\"tab-1\">\n                        <div class=\"inner-box\">\n                            <div class=\"content-box\">\n                                <div class=\"sec-title\">\n                                    <span class=\"sub-title\">\u064a\u0648\u0646\u064a\u0628\u0631\u0648 \u0627\u0644\u0645\u0627\u0644\u064a\u0629<\/span>\n                                    <h2>\u0645\u0639\u0644\u0648\u0645\u0627\u062a \u0639\u0646\u0627<\/h2>\n                                <\/div>\n                                <p>UniPro Financial \u0647\u064a \u0634\u0631\u0643\u0629 \u0627\u0633\u062a\u062b\u0645\u0627\u0631\u064a\u0629 \u0639\u0627\u0644\u0645\u064a\u0629 \u0628\u062f\u0623\u062a \u0627\u0644\u0639\u0645\u0644 \u0641\u064a \u0645\u062c\u0627\u0644 \u0627\u0644\u062a\u062f\u0627\u0648\u0644 \u0639\u0628\u0631 \u0627\u0644\u0625\u0646\u062a\u0631\u0646\u062a \u0641\u064a \u0639\u0627\u0645 2006. \u062a\u0642\u062f\u0645 UniPro Financial\u060c \u0627\u0644\u062a\u064a \u062a\u0642\u062f\u0645 \u062e\u062f\u0645\u0627\u062a \u0645\u062a\u062e\u0635\u0635\u0629 \u0641\u064a \u0623\u0633\u0648\u0627\u0642 \u0627\u0644\u0645\u0627\u0644 \u0648\u0627\u0644\u0627\u0633\u062a\u062b\u0645\u0627\u0631 \u0648\u0627\u0644\u0627\u0633\u062a\u0634\u0627\u0631\u0627\u062a \u0648\u0627\u0644\u0645\u0639\u0627\u0645\u0644\u0627\u062a \u0630\u0627\u062a \u0627\u0644\u0631\u0627\u0641\u0639\u0629 \u0627\u0644\u0645\u0627\u0644\u064a\u0629\u060c \u062c\u0645\u064a\u0639 \u0645\u0632\u0627\u064a\u0627 \u0623\u0633\u0648\u0627\u0642 \u0627\u0644\u0627\u0633\u062a\u062b\u0645\u0627\u0631 \u0644\u0645\u0633\u062a\u062b\u0645\u0631\u064a\u0647\u0627 \u0645\u0646 \u062e\u0644\u0627\u0644 \u0645\u0646\u0635\u062a\u0647\u0627 \u0627\u0644\u0633\u0631\u064a\u0639\u0629 \u0648\u0645\u0648\u0638\u0641\u064a\u0647\u0627 \u0627\u0644\u062e\u0628\u0631\u0627\u0621 \u0627\u0644\u0630\u064a\u0646 \u064a\u0645\u0643\u0646\u0647\u0645 \u0627\u0644\u0648\u0635\u0648\u0644 \u0639\u0644\u0649 \u0645\u062f\u0627\u0631 \u0627\u0644\u0633\u0627\u0639\u0629 \u0637\u0648\u0627\u0644 \u0623\u064a\u0627\u0645 \u0627\u0644\u0623\u0633\u0628\u0648\u0639. UniPro Financial\u060c \u0627\u0644\u062a\u064a \u062a\u0631\u0627\u0642\u0628 \u0627\u0644\u0627\u0628\u062a\u0643\u0627\u0631 \u0639\u0646 \u0643\u062b\u0628\u060c \u062a\u0639\u0645\u0644 \u0639\u0644\u0649 \u0627\u0644\u062a\u062d\u0648\u0644 \u0627\u0644\u0631\u0642\u0645\u064a \u0645\u0646\u0630 \u0641\u062a\u0631\u0629 \u0637\u0648\u064a\u0644\u0629 \u0648\u062a\u0639\u0645\u0644 \u0641\u064a \u0627\u0644\u0623\u0633\u0648\u0627\u0642 \u0639\u0628\u0631 \u0627\u0644\u0625\u0646\u062a\u0631\u0646\u062a\u060c \u0648\u062a\u0642\u062f\u0645 \u062f\u0627\u0626\u0645\u064b\u0627 \u0627\u0644\u0645\u0648\u062b\u0648\u0642\u064a\u0629 \u0628\u0627\u0644\u0625\u0636\u0627\u0641\u0629 \u0625\u0644\u0649 \u0627\u0644\u062e\u062f\u0645\u0627\u062a \u0627\u0644\u0645\u0648\u062c\u0647\u0629 \u0646\u062d\u0648 \u0627\u0644\u062d\u0644\u0648\u0644 \u0644\u0645\u0633\u062a\u062b\u0645\u0631\u064a\u0647\u0627. \u062a\u0642\u0628\u0644 UniPro Financial \u0627\u0644\u0645\u0633\u062a\u062b\u0645\u0631\u064a\u0646 \u0645\u0646 42 \u062f\u0648\u0644\u0629 \u062d\u0648\u0644 \u0627\u0644\u0639\u0627\u0644\u0645\u060c \u0648\u0647\u064a \u062e\u0627\u0636\u0639\u0629 \u0644\u0644\u062a\u0646\u0638\u064a\u0645 \u0648\u062a\u0648\u0641\u0631 \u0627\u0644\u062e\u062f\u0645\u0627\u062a \u0645\u0639 \u062a\u0631\u0627\u062e\u064a\u0635 ASIC \u0648FCA.<\/p>\n                                \t\t\t\t\t\t\t\t<ul class=\"list-style-one clearfix\">\n\t\t\t\t\t\t\t\t\t\t\t\t\t\t\t\t\t\t   <li>\u062a\u0631\u062e\u064a\u0635 \u0623\u0633\u064a\u0643<\/li>\n\t\t\t\t\t\t\t\t\t\t\t\t\t\t\t\t\t\t   <li>\u062a\u0631\u062e\u064a\u0635 \u0647\u064a\u0626\u0629 \u0627\u0644\u0631\u0642\u0627\u0628\u0629 \u0627\u0644\u0645\u0627\u0644\u064a\u0629 (FCA).<\/li>\n\t\t\t\t\t\t\t\t\t\t\t\t\t\t\t\t\t<\/ul>\n\t\t\t\t\t\t\t\t                                <div class=\"link-box\">\n                                                                        <div class=\"icon-box\"><img decoding=\"async\" src=\"https:\/\/uniprofinancial.com\/wp-content\/uploads\/2023\/03\/icon-74.png\" alt=\"Awesome Image\"><\/div>\n                                                                        <a href=\"https:\/\/shortlink.run\/UniPro-yardimmerkezi\"><span>\u0627\u062a\u0635\u0644 \u0628\u0646\u0627<\/span><\/a>\n                                <\/div>\n                            <\/div>\n                                                        <figure class=\"image-box\"><img decoding=\"async\" src=\"https:\/\/uniprofinancial.com\/wp-content\/uploads\/2023\/03\/about-3.jpg\" alt=\"Awesome Image\"><\/figure>\n                        \t                        <\/div>\n                    <\/div>\n                                        <div class=\"tab\" id=\"tab-2\">\n                        <div class=\"inner-box\">\n                            <div class=\"content-box\">\n                                <div class=\"sec-title\">\n                                    <span class=\"sub-title\">\u064a\u0648\u0646\u064a\u0628\u0631\u0648 \u0627\u0644\u0645\u0627\u0644\u064a\u0629<\/span>\n                                    <h2>\u0645\u0646 \u0646\u062d\u0646\u061f<\/h2>\n                                <\/div>\n                                <p>\u0628\u0627\u0639\u062a\u0628\u0627\u0631\u0647\u0627 \u0634\u0631\u0643\u0629 \u0627\u0633\u062a\u062b\u0645\u0627\u0631\u064a\u0629 \u0645\u0646\u0638\u0645\u0629\u060c \u0641\u0625\u0646 UniPro Financial \u062a\u0627\u0628\u0639\u0629 \u0644\u0644\u0647\u064a\u0626\u0627\u062a \u0627\u0644\u062a\u0646\u0638\u064a\u0645\u064a\u0629 \u0627\u0644\u0645\u0627\u0644\u064a\u0629 \u0648\u064a\u0642\u0639 \u0645\u0642\u0631\u0647\u0627 \u0627\u0644\u0631\u0626\u064a\u0633\u064a \u0641\u064a \u0627\u0644\u0645\u0645\u0644\u0643\u0629 \u0627\u0644\u0645\u062a\u062d\u062f\u0629 \u0648\u0644\u0647\u0627 \u0645\u0643\u0627\u062a\u0628 \u0625\u0636\u0627\u0641\u064a\u0629 \u0641\u064a \u0623\u0633\u062a\u0631\u0627\u0644\u064a\u0627. \u0648\u0644\u0647\u0630\u0627 \u0627\u0644\u0633\u0628\u0628 \u0646\u0639\u0645\u0644 \u0648\u0641\u0642\u064b\u0627 \u0644\u0645\u0639\u0627\u064a\u064a\u0631 \u0627\u0644\u0627\u0645\u062a\u062b\u0627\u0644 \u0627\u0644\u0635\u0627\u0631\u0645\u0629 \u0641\u064a\u0645\u0627 \u064a\u062a\u0639\u0644\u0642 \u0628\u0627\u0644\u062a\u0639\u0627\u0645\u0644 \u0645\u0639 \u0623\u0645\u0648\u0627\u0644 \u0627\u0644\u0639\u0645\u0644\u0627\u0621 \u0648\u0627\u0644\u0623\u0645\u0646 \u0648\u0627\u0644\u062a\u0642\u0627\u0631\u064a\u0631 \u0627\u0644\u0645\u0627\u0644\u064a\u0629. \u0645\u0646\u0630 \u062a\u0623\u0633\u064a\u0633\u0646\u0627\u060c \u0646\u062c\u062d\u062a UniPro Financial \u0641\u064a \u0627\u0644\u062a\u0648\u0633\u0639 \u0648\u0627\u0633\u062a\u0645\u0631\u062a \u0641\u064a \u0627\u0644\u0646\u0645\u0648\u060c \u062d\u064a\u062b \u062a\u062e\u062f\u0645 \u0639\u0645\u0644\u0627\u0621 \u0627\u0644\u062a\u062c\u0632\u0626\u0629 \u0648\u0627\u0644\u0634\u0631\u0643\u0627\u062a \u0641\u064a \u0623\u0643\u062b\u0631 \u0645\u0646 42 \u062f\u0648\u0644\u0629. \u0628\u0627\u0639\u062a\u0628\u0627\u0631\u0646\u0627 UniPro Financial\u060c \u0625\u062d\u062f\u0649 \u0627\u0644\u0634\u0631\u0643\u0627\u062a \u0627\u0644\u0631\u0627\u0626\u062f\u0629 \u0639\u0627\u0644\u0645\u064a\u064b\u0627\u060c \u0641\u0625\u0646\u0646\u0627 \u0646\u0642\u062f\u0645 \u062e\u062f\u0645\u0629 \u0639\u0627\u0644\u064a\u0629 \u0627\u0644\u062c\u0648\u062f\u0629 \u0648\u0645\u0648\u062b\u0648\u0642\u0629 \u0644\u0645\u0633\u062a\u062b\u0645\u0631\u064a\u0646\u0627 \u0627\u0644\u0643\u0631\u0627\u0645 \u0641\u064a \u0627\u0644\u0633\u0648\u0642 \u0627\u0644\u062a\u0631\u0643\u064a\u0629 \u0648\u0643\u0630\u0644\u0643 \u0641\u064a \u0627\u0644\u062e\u0627\u0631\u062c. UniPro Financial \u0647\u064a \u0623\u064a\u0636\u064b\u0627 \u0648\u0633\u064a\u0637 \u0641\u0648\u0631\u0643\u0633 \u0648\u0633\u0644\u0639 \u062d\u0627\u0626\u0632 \u0639\u0644\u0649 \u062c\u0648\u0627\u0626\u0632 \u062a\u0642\u062f\u0645 \u062e\u062f\u0645\u0627\u062a \u0648\u062a\u0633\u0647\u064a\u0644\u0627\u062a \u062a\u062c\u0627\u0631\u064a\u0629 \u0644\u0644\u0639\u0645\u0644\u0627\u0621 \u0645\u0646 \u0627\u0644\u0623\u0641\u0631\u0627\u062f \u0648\u0627\u0644\u0645\u0624\u0633\u0633\u0627\u062a. \u0644\u0642\u062f \u0648\u0636\u0639\u062a \u0646\u0641\u0633\u0647\u0627 \u0643\u0648\u0633\u064a\u0637 \u0641\u0648\u0631\u0643\u0633 \u0627\u0644\u0645\u0641\u0636\u0644 \u0644\u0644\u0645\u062a\u062f\u0627\u0648\u0644\u064a\u0646 \u0641\u064a \u062c\u0645\u064a\u0639 \u0623\u0646\u062d\u0627\u0621 \u0627\u0644\u0639\u0627\u0644\u0645\u060c \u0648\u0630\u0644\u0643 \u0628\u0641\u0636\u0644 \u0633\u064a\u0627\u0633\u062a\u0647\u0627 \u0627\u0644\u0645\u062a\u0645\u062b\u0644\u0629 \u0641\u064a \u062a\u0632\u0648\u064a\u062f \u0639\u0645\u0644\u0627\u0626\u0647\u0627 \u0628\u0623\u0641\u0636\u0644 \u0638\u0631\u0648\u0641 \u0627\u0644\u062a\u062f\u0627\u0648\u0644 \u0627\u0644\u0645\u0645\u0643\u0646\u0629 \u0648\u062a\u0632\u0648\u064a\u062f \u0627\u0644\u0645\u062a\u062f\u0627\u0648\u0644\u064a\u0646 \u0628\u062e\u062f\u0645\u0627\u062a \u0627\u0644\u0645\u0633\u062a\u0634\u0627\u0631\u064a\u0646 \u0627\u0644\u062e\u0628\u0631\u0627\u0621 \u0648\u0627\u0644\u0648\u0635\u0648\u0644 \u063a\u064a\u0631 \u0627\u0644\u0645\u062d\u062f\u0648\u062f \u0625\u0644\u0649 \u0633\u064a\u0648\u0644\u0629 \u0627\u0644\u0645\u062a\u062f\u0627\u0648\u0644\u064a\u0646.<\/p>\n                                                                <div class=\"link-box\">\n                                                                        <div class=\"icon-box\"><img decoding=\"async\" src=\"https:\/\/uniprofinancial.com\/wp-content\/uploads\/2023\/03\/icon-74.png\" alt=\"Awesome Image\"><\/div>\n                                                                        <a href=\"https:\/\/shortlink.run\/UniPro-yardimmerkezi\"><span>\u0627\u062a\u0635\u0644 \u0628\u0646\u0627<\/span><\/a>\n                                <\/div>\n                            <\/div>\n                                                        <figure class=\"image-box\"><img decoding=\"async\" src=\"https:\/\/uniprofinancial.com\/wp-content\/uploads\/2023\/03\/tab-2.png\" alt=\"Awesome Image\"><\/figure>\n                        \t                        <\/div>\n                    <\/div>\n                                    <\/div>\n            <\/div>\n        <\/div>\n    <\/section>\n    <!-- statements-section end -->      \n             \n        \t\t<\/div>\n\t\t\t\t<\/div>\n\t\t\t\t\t<\/div>\n\t\t<\/div>\n\t\t\t\t\t\t\t<\/div>\n\t\t<\/section>\n\t\t\t\t\t\t\t<\/div>","protected":false},"excerpt":{"rendered":"<p>Hakk\u0131m\u0131zda Biz Kimiz? UniPro Financial Hakk\u0131m\u0131zda UniPro Financial, 2006 y\u0131l\u0131 itibariyle online trade alan\u0131nda i\u015flem yapmaya ba\u015flayan d\u00fcnya \u00e7ap\u0131nda bir yat\u0131r\u0131m \u015firketidir. Para piyasalar\u0131nda, yat\u0131r\u0131m, dan\u0131\u015fmanl\u0131k ve kald\u0131ra\u00e7l\u0131 i\u015flemler konusunda uzman hizmet veren UniPro Financial, yat\u0131r\u0131m piyasalar\u0131n\u0131n b\u00fct\u00fcn avantajlar\u0131n\u0131 yat\u0131r\u0131mc\u0131lar\u0131na, 5 g\u00fcn 24 saat eri\u015fimi bulunan h\u0131zl\u0131 platformu ve uzman kadrosu ile sunmaktad\u0131r. Yenili\u011fi yak\u0131n [&hellip;]<\/p>","protected":false},"author":1,"featured_media":0,"parent":0,"menu_order":0,"comment_status":"closed","ping_status":"closed","template":"tpl-default-elementor.php","meta":{"footnotes":""},"class_list":["post-38","page","type-page","status-publish","hentry"],"_links":{"self":[{"href":"https:\/\/uniprofinancial.com\/ar\/wp-json\/wp\/v2\/pages\/38","targetHints":{"allow":["GET"]}}],"collection":[{"href":"https:\/\/uniprofinancial.com\/ar\/wp-json\/wp\/v2\/pages"}],"about":[{"href":"https:\/\/uniprofinancial.com\/ar\/wp-json\/wp\/v2\/types\/page"}],"author":[{"embeddable":true,"href":"https:\/\/uniprofinancial.com\/ar\/wp-json\/wp\/v2\/users\/1"}],"replies":[{"embeddable":true,"href":"https:\/\/uniprofinancial.com\/ar\/wp-json\/wp\/v2\/comments?post=38"}],"version-history":[{"count":23,"href":"https:\/\/uniprofinancial.com\/ar\/wp-json\/wp\/v2\/pages\/38\/revisions"}],"predecessor-version":[{"id":1410,"href":"https:\/\/uniprofinancial.com\/ar\/wp-json\/wp\/v2\/pages\/38\/revisions\/1410"}],"wp:attachment":[{"href":"https:\/\/uniprofinancial.com\/ar\/wp-json\/wp\/v2\/media?parent=38"}],"curies":[{"name":"wp","href":"https:\/\/api.w.org\/{rel}","templated":true}]}}